{"id":9220,"date":"2019-09-05T10:36:39","date_gmt":"2019-09-05T10:36:39","guid":{"rendered":"http:\/\/louzanskyrace.com\/?page_id=9220"},"modified":"2022-04-09T18:18:08","modified_gmt":"2022-04-09T18:18:08","slug":"o-que-visitar","status":"publish","type":"page","link":"https:\/\/louzanskyrace.com\/en\/info\/o-que-visitar\/","title":{"rendered":"To Visit"},"content":{"rendered":"<div class=\"vc_row wpb_row vc_row-fluid edgtf-section visit vc_custom_1567681294621 edgtf-content-aligment-left\" style=\"\"><div class=\"clearfix edgtf-full-section-inner\"><div class=\"wpb_column vc_column_container vc_col-sm-12\"><div class=\"vc_column-inner\"><div class=\"wpb_wrapper\"><div class=\"edgtf-elements-holder edgtf-two-columns edgtf-two-columns-40-60 edgtf-responsive-mode-768\" ><div class=\"edgtf-elements-holder-item edgtf-eh-with-border\" data-item-class=\"edgtf-elements-holder-custom-709542\" data-1280-1440=\"18.2% 10.9% 19% 11.1%\" data-1024-1280=\"14.3% 8% 14.7% 9.2%\" data-768-1024=\"13% 10% 14% 11.3%\" data-600-768=\"14% 14% 14% 14.3%\" data-480-600=\"12% 3% 15% 0%\" data-480=\"14% 4% 15% 4%\" style=\"background-image: url()\">\n\t\t<div class=\"edgtf-elements-holder-item-inner\">\n\t\t<div class=\"edgtf-elements-holder-item-content edgtf-elements-holder-custom-709542\" style=\"padding: 27.25% 21% 27.65% 22%\">\n\t\t\t\n<div class=\"edgtf-section-title edgtf-section-align-left\" style=\"font-size: 40px\">\n\tAldeias do Xisto\t<\/div><div class=\"vc_empty_space\"   style=\"height: 4px\"><span class=\"vc_empty_space_inner\"><\/span><\/div>\n<span class=\"edgtf-section-subtitle\" style=\"text-align:left\">\n\t\tLouzanskyrace - Green gold under blue sky!\t<\/span><div class=\"vc_empty_space\"   style=\"height: 9px\"><span class=\"vc_empty_space_inner\"><\/span><\/div>\n\t<div class=\"wpb_text_column wpb_content_element\" >\n\t\t<div class=\"wpb_wrapper\">\n\t\t\t<p>The Schist Villages Network consists of 27 villages distributed in the interior of the Central Region of Portugal. These small nuclei add to the regional tourism potential reflected in the architecture, environmental amenities, cuisine and traditions, among other distinctive cultural elements presented in excellent products and services.<\/p>\n\n\t\t<\/div>\n\t<\/div>\n<div class=\"vc_empty_space\"   style=\"height: 32px\"><span class=\"vc_empty_space_inner\"><\/span><\/div><a href=\"https:\/\/aldeiasdoxisto.pt\/\" target=\"_blank\"  class=\"edgtf-btn edgtf-btn-large edgtf-btn-solid edgtf-btn-custom-hover-bg edgtf-btn-custom-border-hover edgtf-btn-custom-hover-color\" data-hover-bg-color=\"#303030\" data-hover-color=\"#ffffff\" data-hover-border-color=\"#303030\" >\n\t\t\t<span class=\"edgtf-btn-text\">More Info<\/span>\n\t    <\/a>\t\t<\/div>\n\t<\/div>\n<\/div><div class=\"edgtf-elements-holder-item edgtf-eh-clickable\" data-item-class=\"edgtf-elements-holder-custom-813499\" data-600-768=\"30%\" data-480-600=\"30%\" data-480=\"30%\" style=\"background-image: url(https:\/\/louzanskyrace.com\/wp-content\/uploads\/sites\/11\/2021\/09\/aldeiasdexisto.jpg)\">\n\t\t\t<a class=\"edgtf-eh-item-link\" href=\"#\" target=\"_blank\"><\/a>\n\t\t<div class=\"edgtf-elements-holder-item-inner\">\n\t\t<div class=\"edgtf-elements-holder-item-content edgtf-elements-holder-custom-813499\" >\n\t\t\t\t\t<\/div>\n\t<\/div>\n<\/div><\/div><\/div><\/div><\/div><\/div><\/div><div class=\"vc_row wpb_row vc_row-fluid edgtf-section vc_custom_1465393558398 edgtf-content-aligment-left\" style=\"\"><div class=\"clearfix edgtf-full-section-inner\"><div class=\"wpb_column vc_column_container vc_col-sm-12\"><div class=\"vc_column-inner\"><div class=\"wpb_wrapper\"><div class=\"edgtf-elements-holder edgtf-two-columns edgtf-two-columns-60-40 edgtf-responsive-mode-768\" ><div class=\"edgtf-elements-holder-item edgtf-eh-clickable\" data-item-class=\"edgtf-elements-holder-custom-326794\" data-600-768=\"30%\" data-480-600=\"30%\" data-480=\"30%\" style=\"background-image: url(https:\/\/louzanskyrace.com\/wp-content\/uploads\/sites\/11\/2021\/09\/camaralousa.jpg)\">\n\t\t\t<a class=\"edgtf-eh-item-link\" href=\"#\" target=\"_blank\"><\/a>\n\t\t<div class=\"edgtf-elements-holder-item-inner\">\n\t\t<div class=\"edgtf-elements-holder-item-content edgtf-elements-holder-custom-326794\" >\n\t\t\t\t\t<\/div>\n\t<\/div>\n<\/div><div class=\"edgtf-elements-holder-item edgtf-eh-with-border\" data-item-class=\"edgtf-elements-holder-custom-905573\" data-1280-1440=\"18.2% 10.9% 19% 11.1%\" data-1024-1280=\"14.3% 8% 14.7% 9.2%\" data-768-1024=\"13% 10% 14% 11.3%\" data-600-768=\"14% 14% 14% 14.3%\" data-480-600=\"12% 3% 15% 0%\" data-480=\"14% 4% 15% 4%\" style=\"background-image: url()\">\n\t\t<div class=\"edgtf-elements-holder-item-inner\">\n\t\t<div class=\"edgtf-elements-holder-item-content edgtf-elements-holder-custom-905573\" style=\"padding: 27.25% 21% 27.65% 22%\">\n\t\t\t\n<div class=\"edgtf-section-title edgtf-section-align-left\" style=\"font-size: 40px\">\n\tCity Hall\t<\/div><div class=\"vc_empty_space\"   style=\"height: 4px\"><span class=\"vc_empty_space_inner\"><\/span><\/div>\n<span class=\"edgtf-section-subtitle\" style=\"text-align:left\">\n\t\tLouzanskyrace - Green gold under blue sky!\t<\/span><div class=\"vc_empty_space\"   style=\"height: 9px\"><span class=\"vc_empty_space_inner\"><\/span><\/div>\n\t<div class=\"wpb_text_column wpb_content_element\" >\n\t\t<div class=\"wpb_wrapper\">\n\t\t\t<p>This building designed by Architect Moura Coutinho, to the taste of 19th century architecture. It was built between 1930 and 1934. Inside there are tile panels of the St. Anne's Factory, and a Noble Hall with paintings by Carlos Reis (Legend of Lous\u00e3) and Jo\u00e3o Reis (Family, Religion, Work).<\/p>\n\n\t\t<\/div>\n\t<\/div>\n<div class=\"vc_empty_space\"   style=\"height: 32px\"><span class=\"vc_empty_space_inner\"><\/span><\/div><a href=\"https:\/\/cm-lousa.pt\/\" target=\"_blank\"  class=\"edgtf-btn edgtf-btn-large edgtf-btn-solid edgtf-btn-custom-hover-bg edgtf-btn-custom-border-hover edgtf-btn-custom-hover-color\" data-hover-bg-color=\"#303030\" data-hover-color=\"#ffffff\" data-hover-border-color=\"#303030\" >\n\t\t\t<span class=\"edgtf-btn-text\">More Info<\/span>\n\t    <\/a>\t\t<\/div>\n\t<\/div>\n<\/div><\/div><\/div><\/div><\/div><\/div><\/div><div class=\"vc_row wpb_row vc_row-fluid edgtf-section vc_custom_1465393558398 edgtf-content-aligment-left\" style=\"\"><div class=\"clearfix edgtf-full-section-inner\"><div class=\"wpb_column vc_column_container vc_col-sm-12\"><div class=\"vc_column-inner\"><div class=\"wpb_wrapper\"><div class=\"edgtf-elements-holder edgtf-two-columns edgtf-two-columns-40-60 edgtf-responsive-mode-768\" ><div class=\"edgtf-elements-holder-item edgtf-eh-with-border\" data-item-class=\"edgtf-elements-holder-custom-322007\" data-1280-1440=\"18.2% 10.9% 19% 11.1%\" data-1024-1280=\"14.3% 8% 14.7% 9.2%\" data-768-1024=\"13% 10% 14% 11.3%\" data-600-768=\"14% 14% 14% 14.3%\" data-480-600=\"12% 3% 15% 0%\" data-480=\"14% 4% 15% 4%\" style=\"background-image: url()\">\n\t\t<div class=\"edgtf-elements-holder-item-inner\">\n\t\t<div class=\"edgtf-elements-holder-item-content edgtf-elements-holder-custom-322007\" style=\"padding: 27.25% 21% 27.65% 22%\">\n\t\t\t\n<div class=\"edgtf-section-title edgtf-section-align-left\" style=\"font-size: 40px\">\n\tIgreja Matriz da Lous\u00e3\t<\/div><div class=\"vc_empty_space\"   style=\"height: 4px\"><span class=\"vc_empty_space_inner\"><\/span><\/div>\n<span class=\"edgtf-section-subtitle\" style=\"text-align:left\">\n\t\tLouzanskyrace - Green gold under blue sky!\t<\/span><div class=\"vc_empty_space\"   style=\"height: 9px\"><span class=\"vc_empty_space_inner\"><\/span><\/div>\n\t<div class=\"wpb_text_column wpb_content_element\" >\n\t\t<div class=\"wpb_wrapper\">\n\t\t\t<p>The patron is S. Silvestre. It is a temple of modern construction that came to replace the old, crumbling church that was in ruins. It dates from 1882 and was completed in 1921 with the construction of the Bell Tower.<\/p>\n\n\t\t<\/div>\n\t<\/div>\n<div class=\"vc_empty_space\"   style=\"height: 32px\"><span class=\"vc_empty_space_inner\"><\/span><\/div>\t\t<\/div>\n\t<\/div>\n<\/div><div class=\"edgtf-elements-holder-item edgtf-eh-clickable\" data-item-class=\"edgtf-elements-holder-custom-427395\" data-600-768=\"30%\" data-480-600=\"30%\" data-480=\"30%\" style=\"background-image: url(https:\/\/louzanskyrace.com\/wp-content\/uploads\/sites\/11\/2021\/09\/igrejamatriz.jpg)\">\n\t\t\t<a class=\"edgtf-eh-item-link\" href=\"#\" target=\"_blank\"><\/a>\n\t\t<div class=\"edgtf-elements-holder-item-inner\">\n\t\t<div class=\"edgtf-elements-holder-item-content edgtf-elements-holder-custom-427395\" >\n\t\t\t\t\t<\/div>\n\t<\/div>\n<\/div><\/div><\/div><\/div><\/div><\/div><\/div><div class=\"vc_row wpb_row vc_row-fluid edgtf-section vc_custom_1465393558398 edgtf-content-aligment-left\" style=\"\"><div class=\"clearfix edgtf-full-section-inner\"><div class=\"wpb_column vc_column_container vc_col-sm-12\"><div class=\"vc_column-inner\"><div class=\"wpb_wrapper\"><div class=\"edgtf-elements-holder edgtf-two-columns edgtf-two-columns-60-40 edgtf-responsive-mode-768\" ><div class=\"edgtf-elements-holder-item edgtf-eh-clickable\" data-item-class=\"edgtf-elements-holder-custom-379754\" data-600-768=\"30%\" data-480-600=\"30%\" data-480=\"30%\" style=\"background-image: url(https:\/\/louzanskyrace.com\/wp-content\/uploads\/sites\/11\/2021\/09\/palaciodossalazares.jpg)\">\n\t\t\t<a class=\"edgtf-eh-item-link\" href=\"#\" target=\"_blank\"><\/a>\n\t\t<div class=\"edgtf-elements-holder-item-inner\">\n\t\t<div class=\"edgtf-elements-holder-item-content edgtf-elements-holder-custom-379754\" >\n\t\t\t\t\t<\/div>\n\t<\/div>\n<\/div><div class=\"edgtf-elements-holder-item edgtf-eh-with-border\" data-item-class=\"edgtf-elements-holder-custom-418890\" data-1280-1440=\"18.2% 10.9% 19% 11.1%\" data-1024-1280=\"14.3% 8% 14.7% 9.2%\" data-768-1024=\"13% 10% 14% 11.3%\" data-600-768=\"14% 14% 14% 14.3%\" data-480-600=\"12% 3% 15% 0%\" data-480=\"14% 4% 15% 4%\" style=\"background-image: url()\">\n\t\t<div class=\"edgtf-elements-holder-item-inner\">\n\t\t<div class=\"edgtf-elements-holder-item-content edgtf-elements-holder-custom-418890\" style=\"padding: 27.25% 21% 27.65% 22%\">\n\t\t\t\n<div class=\"edgtf-section-title edgtf-section-align-left\" style=\"font-size: 40px\">\n\tSalazares Palace\t<\/div><div class=\"vc_empty_space\"   style=\"height: 4px\"><span class=\"vc_empty_space_inner\"><\/span><\/div>\n<span class=\"edgtf-section-subtitle\" style=\"text-align:left\">\n\t\tLouzanskyrace - Green gold under blue sky!\t<\/span><div class=\"vc_empty_space\"   style=\"height: 9px\"><span class=\"vc_empty_space_inner\"><\/span><\/div>\n\t<div class=\"wpb_text_column wpb_content_element\" >\n\t\t<div class=\"wpb_wrapper\">\n\t\t\t<p>It is also known as Viscountess of Espinhal Palace. This imposing emblazoned building had two periods of works: one of the century. XVIII and 1818. Building where the Palace of Lous\u00e3 Boutique Hotel operates.<\/p>\n\n\t\t<\/div>\n\t<\/div>\n<div class=\"vc_empty_space\"   style=\"height: 32px\"><span class=\"vc_empty_space_inner\"><\/span><\/div><a href=\"https:\/\/palaciodalousa.com\" target=\"_blank\"  class=\"edgtf-btn edgtf-btn-large edgtf-btn-solid edgtf-btn-custom-hover-bg edgtf-btn-custom-border-hover edgtf-btn-custom-hover-color\" data-hover-bg-color=\"#303030\" data-hover-color=\"#ffffff\" data-hover-border-color=\"#303030\" >\n\t\t\t<span class=\"edgtf-btn-text\">More Info<\/span>\n\t    <\/a>\t\t<\/div>\n\t<\/div>\n<\/div><\/div><\/div><\/div><\/div><\/div><\/div><div class=\"vc_row wpb_row vc_row-fluid edgtf-section vc_custom_1465393558398 edgtf-content-aligment-left\" style=\"\"><div class=\"clearfix edgtf-full-section-inner\"><div class=\"wpb_column vc_column_container vc_col-sm-12\"><div class=\"vc_column-inner\"><div class=\"wpb_wrapper\"><div class=\"edgtf-elements-holder edgtf-two-columns edgtf-two-columns-40-60 edgtf-responsive-mode-768\" ><div class=\"edgtf-elements-holder-item edgtf-eh-with-border\" data-item-class=\"edgtf-elements-holder-custom-936791\" data-1280-1440=\"18.2% 10.9% 19% 11.1%\" data-1024-1280=\"14.3% 8% 14.7% 9.2%\" data-768-1024=\"13% 10% 14% 11.3%\" data-600-768=\"14% 14% 14% 14.3%\" data-480-600=\"12% 3% 15% 0%\" data-480=\"14% 4% 15% 4%\" style=\"background-image: url()\">\n\t\t<div class=\"edgtf-elements-holder-item-inner\">\n\t\t<div class=\"edgtf-elements-holder-item-content edgtf-elements-holder-custom-936791\" style=\"padding: 27.25% 21% 27.65% 22%\">\n\t\t\t\n<div class=\"edgtf-section-title edgtf-section-align-left\" style=\"font-size: 40px\">\n\tAlameda Carlos Reis\t<\/div><div class=\"vc_empty_space\"   style=\"height: 4px\"><span class=\"vc_empty_space_inner\"><\/span><\/div>\n<span class=\"edgtf-section-subtitle\" style=\"text-align:left\">\n\t\tLouzanskyrace - Green gold under blue sky!\t<\/span><div class=\"vc_empty_space\"   style=\"height: 9px\"><span class=\"vc_empty_space_inner\"><\/span><\/div>\n\t<div class=\"wpb_text_column wpb_content_element\" >\n\t\t<div class=\"wpb_wrapper\">\n\t\t\t<p>By determination of the City Council of October 14, 1931, it was decided to call Alameda Carlos Reis to the space then known as Parque do Regueiro. In 2003 it underwent remodeling and expansion works.<\/p>\n\n\t\t<\/div>\n\t<\/div>\n<div class=\"vc_empty_space\"   style=\"height: 32px\"><span class=\"vc_empty_space_inner\"><\/span><\/div>\t\t<\/div>\n\t<\/div>\n<\/div><div class=\"edgtf-elements-holder-item edgtf-eh-clickable\" data-item-class=\"edgtf-elements-holder-custom-848524\" data-600-768=\"30%\" data-480-600=\"30%\" data-480=\"30%\" style=\"background-image: url(https:\/\/louzanskyrace.com\/wp-content\/uploads\/sites\/11\/2021\/09\/parque1.jpg)\">\n\t\t\t<a class=\"edgtf-eh-item-link\" href=\"#\" target=\"_blank\"><\/a>\n\t\t<div class=\"edgtf-elements-holder-item-inner\">\n\t\t<div class=\"edgtf-elements-holder-item-content edgtf-elements-holder-custom-848524\" >\n\t\t\t\t\t<\/div>\n\t<\/div>\n<\/div><\/div><\/div><\/div><\/div><\/div><\/div><div class=\"vc_row wpb_row vc_row-fluid edgtf-section vc_custom_1465393558398 edgtf-content-aligment-left\" style=\"\"><div class=\"clearfix edgtf-full-section-inner\"><div class=\"wpb_column vc_column_container vc_col-sm-12\"><div class=\"vc_column-inner\"><div class=\"wpb_wrapper\"><div class=\"edgtf-elements-holder edgtf-two-columns edgtf-two-columns-60-40 edgtf-responsive-mode-768\" ><div class=\"edgtf-elements-holder-item edgtf-eh-clickable\" data-item-class=\"edgtf-elements-holder-custom-967958\" data-600-768=\"30%\" data-480-600=\"30%\" data-480=\"30%\" style=\"background-image: url(https:\/\/louzanskyrace.com\/wp-content\/uploads\/sites\/11\/2021\/09\/sacarneiro.jpg)\">\n\t\t\t<a class=\"edgtf-eh-item-link\" href=\"#\" target=\"_blank\"><\/a>\n\t\t<div class=\"edgtf-elements-holder-item-inner\">\n\t\t<div class=\"edgtf-elements-holder-item-content edgtf-elements-holder-custom-967958\" >\n\t\t\t\t\t<\/div>\n\t<\/div>\n<\/div><div class=\"edgtf-elements-holder-item edgtf-eh-with-border\" data-item-class=\"edgtf-elements-holder-custom-836486\" data-1280-1440=\"18.2% 10.9% 19% 11.1%\" data-1024-1280=\"14.3% 8% 14.7% 9.2%\" data-768-1024=\"13% 10% 14% 11.3%\" data-600-768=\"14% 14% 14% 14.3%\" data-480-600=\"12% 3% 15% 0%\" data-480=\"14% 4% 15% 4%\" style=\"background-image: url()\">\n\t\t<div class=\"edgtf-elements-holder-item-inner\">\n\t\t<div class=\"edgtf-elements-holder-item-content edgtf-elements-holder-custom-836486\" style=\"padding: 27.25% 21% 27.65% 22%\">\n\t\t\t\n<div class=\"edgtf-section-title edgtf-section-align-left\" style=\"font-size: 40px\">\n\tPra\u00e7a S\u00e1 Carneiro\t<\/div><div class=\"vc_empty_space\"   style=\"height: 4px\"><span class=\"vc_empty_space_inner\"><\/span><\/div>\n<span class=\"edgtf-section-subtitle\" style=\"text-align:left\">\n\t\tLouzanskyrace - Green gold under blue sky!\t<\/span><div class=\"vc_empty_space\"   style=\"height: 9px\"><span class=\"vc_empty_space_inner\"><\/span><\/div>\n\t<div class=\"wpb_text_column wpb_content_element\" >\n\t\t<div class=\"wpb_wrapper\">\n\t\t\t<p>Source and medallion alluding to S\u00e1 Carneiro, by Fernando Pedro and sculpture by Alves Pinheiro. Opened on 25 April 1998.<\/p>\n\n\t\t<\/div>\n\t<\/div>\n<div class=\"vc_empty_space\"   style=\"height: 32px\"><span class=\"vc_empty_space_inner\"><\/span><\/div>\t\t<\/div>\n\t<\/div>\n<\/div><\/div><\/div><\/div><\/div><\/div><\/div><div class=\"vc_row wpb_row vc_row-fluid edgtf-section vc_custom_1465393558398 edgtf-content-aligment-left\" style=\"\"><div class=\"clearfix edgtf-full-section-inner\"><div class=\"wpb_column vc_column_container vc_col-sm-12\"><div class=\"vc_column-inner\"><div class=\"wpb_wrapper\"><div class=\"edgtf-elements-holder edgtf-two-columns edgtf-two-columns-40-60 edgtf-responsive-mode-768\" ><div class=\"edgtf-elements-holder-item edgtf-eh-with-border\" data-item-class=\"edgtf-elements-holder-custom-900340\" data-1280-1440=\"18.2% 10.9% 19% 11.1%\" data-1024-1280=\"14.3% 8% 14.7% 9.2%\" data-768-1024=\"13% 10% 14% 11.3%\" data-600-768=\"14% 14% 14% 14.3%\" data-480-600=\"12% 3% 15% 0%\" data-480=\"14% 4% 15% 4%\" style=\"background-image: url()\">\n\t\t<div class=\"edgtf-elements-holder-item-inner\">\n\t\t<div class=\"edgtf-elements-holder-item-content edgtf-elements-holder-custom-900340\" style=\"padding: 27.25% 21% 27.65% 22%\">\n\t\t\t\n<div class=\"edgtf-section-title edgtf-section-align-left\" style=\"font-size: 40px\">\n\tDr. Louz\u00e3 Henriques Museum\t<\/div><div class=\"vc_empty_space\"   style=\"height: 4px\"><span class=\"vc_empty_space_inner\"><\/span><\/div>\n<span class=\"edgtf-section-subtitle\" style=\"text-align:left\">\n\t\tLouzanskyrace - Green gold under blue sky!\t<\/span><div class=\"vc_empty_space\"   style=\"height: 9px\"><span class=\"vc_empty_space_inner\"><\/span><\/div>\n\t<div class=\"wpb_text_column wpb_content_element\" >\n\t\t<div class=\"wpb_wrapper\">\n\t\t\t<p>The collection of the Dr. Louz\u00e3 Henriques Ethnographic Museum brings together a set of objects from various parts of the continental and island country. Most of the objects were purchased by Dr. Louz\u00e3 Henriques from collectors and private individuals, but others have already resulted from donations from public or private persons or entities to the Municipality.<\/p>\n<p>&nbsp;<\/p>\n\n\t\t<\/div>\n\t<\/div>\n<div class=\"vc_empty_space\"   style=\"height: 32px\"><span class=\"vc_empty_space_inner\"><\/span><\/div><a href=\"https:\/\/cm-lousa.pt\/locais\/ecomuseu-da-serra-da-lousa\/\" target=\"_blank\"  class=\"edgtf-btn edgtf-btn-large edgtf-btn-solid edgtf-btn-custom-hover-bg edgtf-btn-custom-border-hover edgtf-btn-custom-hover-color\" data-hover-bg-color=\"#303030\" data-hover-color=\"#ffffff\" data-hover-border-color=\"#303030\" >\n\t\t\t<span class=\"edgtf-btn-text\">More Info<\/span>\n\t    <\/a>\t\t<\/div>\n\t<\/div>\n<\/div><div class=\"edgtf-elements-holder-item edgtf-eh-clickable\" data-item-class=\"edgtf-elements-holder-custom-782892\" data-600-768=\"30%\" data-480-600=\"30%\" data-480=\"30%\" style=\"background-image: url(https:\/\/louzanskyrace.com\/wp-content\/uploads\/sites\/11\/2021\/09\/sacarneiro.jpg)\">\n\t\t\t<a class=\"edgtf-eh-item-link\" href=\"#\" target=\"_blank\"><\/a>\n\t\t<div class=\"edgtf-elements-holder-item-inner\">\n\t\t<div class=\"edgtf-elements-holder-item-content edgtf-elements-holder-custom-782892\" >\n\t\t\t\t\t<\/div>\n\t<\/div>\n<\/div><\/div><\/div><\/div><\/div><\/div><\/div><div class=\"vc_row wpb_row vc_row-fluid edgtf-section vc_custom_1465393558398 edgtf-content-aligment-left\" style=\"\"><div class=\"clearfix edgtf-full-section-inner\"><div class=\"wpb_column vc_column_container vc_col-sm-12\"><div class=\"vc_column-inner\"><div class=\"wpb_wrapper\"><div class=\"edgtf-elements-holder edgtf-two-columns edgtf-two-columns-60-40 edgtf-responsive-mode-768\" ><div class=\"edgtf-elements-holder-item edgtf-eh-clickable\" data-item-class=\"edgtf-elements-holder-custom-721333\" data-600-768=\"30%\" data-480-600=\"30%\" data-480=\"30%\" style=\"background-image: url(https:\/\/louzanskyrace.com\/wp-content\/uploads\/sites\/11\/2021\/09\/castelolousa.jpg)\">\n\t\t\t<a class=\"edgtf-eh-item-link\" href=\"#\" target=\"_blank\"><\/a>\n\t\t<div class=\"edgtf-elements-holder-item-inner\">\n\t\t<div class=\"edgtf-elements-holder-item-content edgtf-elements-holder-custom-721333\" >\n\t\t\t\t\t<\/div>\n\t<\/div>\n<\/div><div class=\"edgtf-elements-holder-item edgtf-eh-with-border\" data-item-class=\"edgtf-elements-holder-custom-861989\" data-1280-1440=\"18.2% 10.9% 19% 11.1%\" data-1024-1280=\"14.3% 8% 14.7% 9.2%\" data-768-1024=\"13% 10% 14% 11.3%\" data-600-768=\"14% 14% 14% 14.3%\" data-480-600=\"12% 3% 15% 0%\" data-480=\"14% 4% 15% 4%\" style=\"background-image: url()\">\n\t\t<div class=\"edgtf-elements-holder-item-inner\">\n\t\t<div class=\"edgtf-elements-holder-item-content edgtf-elements-holder-custom-861989\" style=\"padding: 27.25% 21% 27.65% 22%\">\n\t\t\t\n<div class=\"edgtf-section-title edgtf-section-align-left\" style=\"font-size: 40px\">\n\tCastle\t<\/div><div class=\"vc_empty_space\"   style=\"height: 4px\"><span class=\"vc_empty_space_inner\"><\/span><\/div>\n<span class=\"edgtf-section-subtitle\" style=\"text-align:left\">\n\t\tLouzanskyrace - Green gold under blue sky!\t<\/span><div class=\"vc_empty_space\"   style=\"height: 9px\"><span class=\"vc_empty_space_inner\"><\/span><\/div>\n\t<div class=\"wpb_text_column wpb_content_element\" >\n\t\t<div class=\"wpb_wrapper\">\n\t\t\t<p>In the valley of Arouce, by which it was called Castle of Arouce. The date of its construction cannot be specified, and it is correct in the 19th century. XI, since there is a document of that time that makes reference to it. At this time, according to the chronicles, the Castle would not have the current configuration, but would be a wooden construction or a simple tower unlike the building of masonry that we find today.<\/p>\n<p>&nbsp;<\/p>\n\n\t\t<\/div>\n\t<\/div>\n<div class=\"vc_empty_space\"   style=\"height: 32px\"><span class=\"vc_empty_space_inner\"><\/span><\/div>\t\t<\/div>\n\t<\/div>\n<\/div><\/div><\/div><\/div><\/div><\/div><\/div><div class=\"vc_row wpb_row vc_row-fluid edgtf-section vc_custom_1465393558398 edgtf-content-aligment-left\" style=\"\"><div class=\"clearfix edgtf-full-section-inner\"><div class=\"wpb_column vc_column_container vc_col-sm-12\"><div class=\"vc_column-inner\"><div class=\"wpb_wrapper\"><div class=\"edgtf-elements-holder edgtf-two-columns edgtf-two-columns-40-60 edgtf-responsive-mode-768\" ><div class=\"edgtf-elements-holder-item edgtf-eh-with-border\" data-item-class=\"edgtf-elements-holder-custom-463235\" data-1280-1440=\"18.2% 10.9% 19% 11.1%\" data-1024-1280=\"14.3% 8% 14.7% 9.2%\" data-768-1024=\"13% 10% 14% 11.3%\" data-600-768=\"14% 14% 14% 14.3%\" data-480-600=\"12% 3% 15% 0%\" data-480=\"14% 4% 15% 4%\" style=\"background-image: url()\">\n\t\t<div class=\"edgtf-elements-holder-item-inner\">\n\t\t<div class=\"edgtf-elements-holder-item-content edgtf-elements-holder-custom-463235\" style=\"padding: 27.25% 21% 27.65% 22%\">\n\t\t\t\n<div class=\"edgtf-section-title edgtf-section-align-left\" style=\"font-size: 40px\">\n\tHermitages of the  N.S. da Piedade\t<\/div><div class=\"vc_empty_space\"   style=\"height: 4px\"><span class=\"vc_empty_space_inner\"><\/span><\/div>\n<span class=\"edgtf-section-subtitle\" style=\"text-align:left\">\n\t\tLouzanskyrace - Green gold under blue sky!\t<\/span><div class=\"vc_empty_space\"   style=\"height: 9px\"><span class=\"vc_empty_space_inner\"><\/span><\/div>\n\t<div class=\"wpb_text_column wpb_content_element\" >\n\t\t<div class=\"wpb_wrapper\">\n\t\t\t<p>It is an important Marian Sanctuary, situated on the hill in front of Arouce Castle. There are three chapels, the oldest and largest being the Chapel of St. John, built between the centuries. XIII and XIV. It has a set of sculptures of the century. XV and XVI carved in stone of An\u00e7\u00e3: St. John the Baptist, St. John the Evangelist, and St. Paio and also an altar frontal in seventeenth century tiles.<\/p>\n<p>&nbsp;<\/p>\n<p>&nbsp;<\/p>\n\n\t\t<\/div>\n\t<\/div>\n<div class=\"vc_empty_space\"   style=\"height: 32px\"><span class=\"vc_empty_space_inner\"><\/span><\/div>\t\t<\/div>\n\t<\/div>\n<\/div><div class=\"edgtf-elements-holder-item edgtf-eh-clickable\" data-item-class=\"edgtf-elements-holder-custom-624950\" data-600-768=\"30%\" data-480-600=\"30%\" data-480=\"30%\" style=\"background-image: url(https:\/\/louzanskyrace.com\/wp-content\/uploads\/sites\/11\/2021\/09\/ermida.jpg)\">\n\t\t\t<a class=\"edgtf-eh-item-link\" href=\"#\" target=\"_blank\"><\/a>\n\t\t<div class=\"edgtf-elements-holder-item-inner\">\n\t\t<div class=\"edgtf-elements-holder-item-content edgtf-elements-holder-custom-624950\" >\n\t\t\t\t\t<\/div>\n\t<\/div>\n<\/div><\/div><\/div><\/div><\/div><\/div><\/div>\n<!--themify_builder_content-->\n<div id=\"themify_builder_content-9220\" data-postid=\"9220\" class=\"themify_builder_content themify_builder_content-9220 themify_builder tf_clear\">\n    <\/div>\n<!--\/themify_builder_content-->","protected":false},"excerpt":{"rendered":"Aldeias do Xisto Louzanskyrace - Ouro verde sob c\u00e9u azul! A Rede das Aldeias do Xisto \u00e9 constitu\u00edda por 27 aldeias distribu\u00eddas pelo interior da Regi\u00e3o Centro de Portugal. Estes pequenos n\u00facleos agregam o potencial tur\u00edstico regional reflectido na arquitectura, nas amenidades ambientais, na gastronomia...","protected":false},"author":1,"featured_media":0,"parent":9098,"menu_order":0,"comment_status":"closed","ping_status":"closed","template":"full-width.php","meta":{"footnotes":""},"builder_content":"","_links":{"self":[{"href":"https:\/\/louzanskyrace.com\/en\/wp-json\/wp\/v2\/pages\/9220"}],"collection":[{"href":"https:\/\/louzanskyrace.com\/en\/wp-json\/wp\/v2\/pages"}],"about":[{"href":"https:\/\/louzanskyrace.com\/en\/wp-json\/wp\/v2\/types\/page"}],"author":[{"embeddable":true,"href":"https:\/\/louzanskyrace.com\/en\/wp-json\/wp\/v2\/users\/1"}],"replies":[{"embeddable":true,"href":"https:\/\/louzanskyrace.com\/en\/wp-json\/wp\/v2\/comments?post=9220"}],"version-history":[{"count":5,"href":"https:\/\/louzanskyrace.com\/en\/wp-json\/wp\/v2\/pages\/9220\/revisions"}],"predecessor-version":[{"id":10872,"href":"https:\/\/louzanskyrace.com\/en\/wp-json\/wp\/v2\/pages\/9220\/revisions\/10872"}],"up":[{"embeddable":true,"href":"https:\/\/louzanskyrace.com\/en\/wp-json\/wp\/v2\/pages\/9098"}],"wp:attachment":[{"href":"https:\/\/louzanskyrace.com\/en\/wp-json\/wp\/v2\/media?parent=9220"}],"curies":[{"name":"wp","href":"https:\/\/api.w.org\/{rel}","templated":true}]}}