{"id":9135,"date":"2019-09-03T22:35:59","date_gmt":"2019-09-03T22:35:59","guid":{"rendered":"http:\/\/louzanskyrace.com\/?page_id=9135"},"modified":"2022-04-09T18:18:55","modified_gmt":"2022-04-09T18:18:55","slug":"banhos","status":"publish","type":"page","link":"https:\/\/louzanskyrace.com\/en\/info\/banhos\/","title":{"rendered":"Banhos"},"content":{"rendered":"<div class=\"vc_row wpb_row vc_row-fluid edgtf-section vc_custom_1568233942066 edgtf-content-aligment-center edgtf-grid-section\" style=\"\"><div class=\"clearfix edgtf-section-inner\"><div class=\"edgtf-section-inner-margin clearfix\"><div class=\"wpb_column vc_column_container vc_col-sm-6\"><div class=\"vc_column-inner\"><div class=\"wpb_wrapper\">\n<div class=\"edgtf-section-title edgtf-section-align-center\" style=\"font-size: 36px\">\n\tEst\u00e1dio Municipal de Rugby Jos\u00e9 Redondo\t<\/div><div class=\"vc_empty_space\"   style=\"height: 32px\"><span class=\"vc_empty_space_inner\"><\/span><\/div>\n\t<div  class=\"wpb_single_image wpb_content_element vc_align_center\">\n\t\t\n\t\t<figure class=\"wpb_wrapper vc_figure\">\n\t\t\t<a href=\"https:\/\/www.google.com\/maps\/dir\/Parque+Municipal+de+Exposi%C3%A7%C3%B5es+da+Lous%C3%A3,+40%C2%B006&#039;40.0%22N+8%C2%B014&#039;58.,+Portugal,+Lima\/Est%C3%A1dio+Municipal+de+Rugby+Jos%C3%A9+Redondo,+R.+Jos%C3%A9+Joaquim+da+Cruz+68,+3200-140+Lous%C3%A3\/@40.1102367,-8.2529738,18z\/data=!3m1!4b1!4m14!4m13!1m5!1m1!1s0xd22ee914362627d:0x1cec94f201b6be50!2m2!1d-8.249674!2d40.111121!1m5!1m1!1s0xd22ee91c1438565:0xf0c0f2235d9d7a7b!2m2!1d-8.2532559!2d40.110194!3e2?hl=pt-PT\" target=\"_blank\" class=\"vc_single_image-wrapper vc_box_rounded  vc_box_border_grey\"><\/a>\n\t\t<\/figure>\n\t<\/div>\n<div class=\"vc_empty_space\"   style=\"height: 32px\"><span class=\"vc_empty_space_inner\"><\/span><\/div><\/div><\/div><\/div><div class=\"wpb_column vc_column_container vc_col-sm-6\"><div class=\"vc_column-inner\"><div class=\"wpb_wrapper\">\n<div class=\"edgtf-section-title edgtf-section-align-center\" style=\"font-size: 36px\">\n\tPavilh\u00e3o do Bairro dos Carvalhos\t<\/div><div class=\"vc_empty_space\"   style=\"height: 32px\"><span class=\"vc_empty_space_inner\"><\/span><\/div>\n\t<div  class=\"wpb_single_image wpb_content_element vc_align_center\">\n\t\t\n\t\t<figure class=\"wpb_wrapper vc_figure\">\n\t\t\t<a href=\"https:\/\/www.google.com\/maps\/dir\/Parque+Municipal+de+Exposi%C3%A7%C3%B5es+da+Lous%C3%A3,+40%C2%B006&#039;40.0%22N+8%C2%B014&#039;58.,+Portugal,+Lima\/Pavilh%C3%A3o+do+Bairro+dos+Carvalhos,+Rua+Augusto+Miguel,+Lous%C3%A3\/@40.1122693,-8.2531238,18z\/data=!3m1!4b1!4m14!4m13!1m5!1m1!1s0xd22ee914362627d:0x1cec94f201b6be50!2m2!1d-8.249674!2d40.111121!1m5!1m1!1s0xd22ee8d8b99d711:0x54bef60bd24f05a7!2m2!1d-8.2543849!2d40.1129995!3e2?hl=pt-PT\" target=\"_blank\" class=\"vc_single_image-wrapper vc_box_rounded  vc_box_border_grey\"><\/a>\n\t\t<\/figure>\n\t<\/div>\n<div class=\"vc_empty_space\"   style=\"height: 32px\"><span class=\"vc_empty_space_inner\"><\/span><\/div><\/div><\/div><\/div><\/div><\/div><\/div>\n<!--themify_builder_content-->\n<div id=\"themify_builder_content-9135\" data-postid=\"9135\" class=\"themify_builder_content themify_builder_content-9135 themify_builder tf_clear\">\n    <\/div>\n<!--\/themify_builder_content-->","protected":false},"excerpt":{"rendered":"Est\u00e1dio Municipal de Rugby Jos\u00e9 Redondo Pavilh\u00e3o do Bairro dos Carvalhos","protected":false},"author":1,"featured_media":0,"parent":9098,"menu_order":7,"comment_status":"closed","ping_status":"closed","template":"","meta":{"footnotes":""},"builder_content":"","_links":{"self":[{"href":"https:\/\/louzanskyrace.com\/en\/wp-json\/wp\/v2\/pages\/9135"}],"collection":[{"href":"https:\/\/louzanskyrace.com\/en\/wp-json\/wp\/v2\/pages"}],"about":[{"href":"https:\/\/louzanskyrace.com\/en\/wp-json\/wp\/v2\/types\/page"}],"author":[{"embeddable":true,"href":"https:\/\/louzanskyrace.com\/en\/wp-json\/wp\/v2\/users\/1"}],"replies":[{"embeddable":true,"href":"https:\/\/louzanskyrace.com\/en\/wp-json\/wp\/v2\/comments?post=9135"}],"version-history":[{"count":2,"href":"https:\/\/louzanskyrace.com\/en\/wp-json\/wp\/v2\/pages\/9135\/revisions"}],"predecessor-version":[{"id":10877,"href":"https:\/\/louzanskyrace.com\/en\/wp-json\/wp\/v2\/pages\/9135\/revisions\/10877"}],"up":[{"embeddable":true,"href":"https:\/\/louzanskyrace.com\/en\/wp-json\/wp\/v2\/pages\/9098"}],"wp:attachment":[{"href":"https:\/\/louzanskyrace.com\/en\/wp-json\/wp\/v2\/media?parent=9135"}],"curies":[{"name":"wp","href":"https:\/\/api.w.org\/{rel}","templated":true}]}}