{"id":8965,"date":"2019-09-03T15:41:14","date_gmt":"2019-09-03T15:41:14","guid":{"rendered":"http:\/\/louzanskyrace.com\/?page_id=8965"},"modified":"2022-04-09T18:16:40","modified_gmt":"2022-04-09T18:16:40","slug":"historia","status":"publish","type":"page","link":"https:\/\/louzanskyrace.com\/en\/historia\/","title":{"rendered":"History"},"content":{"rendered":"<div class=\"vc_row wpb_row vc_row-fluid edgtf-section edgtf-content-aligment-left edgtf-grid-section\" style=\"\"><div class=\"clearfix edgtf-section-inner\"><div class=\"edgtf-section-inner-margin clearfix\"><div class=\"wpb_column vc_column_container vc_col-sm-12\"><div class=\"vc_column-inner vc_custom_1567525675806\"><div class=\"wpb_wrapper\">\n\t<div class=\"wpb_text_column wpb_content_element\" >\n\t\t<div class=\"wpb_wrapper\">\n\t\t\t<p>The Montanha Clube following the success of previous editions of the race that is now the Louzan1000 (integrated in the National Championship of Skyrunning - Km Vertical), has organised the first edition of the Louzanskyrace on 27 October 2019.<\/p>\n\n\t\t<\/div>\n\t<\/div>\n<\/div><\/div><\/div><\/div><\/div><\/div><div class=\"vc_row wpb_row vc_row-fluid edgtf-section vc_custom_1568231219113 edgtf-content-aligment-center edgtf-grid-section\" style=\"\"><div class=\"clearfix edgtf-section-inner\"><div class=\"edgtf-section-inner-margin clearfix\"><div class=\"wpb_column vc_column_container vc_col-sm-3\"><div class=\"vc_column-inner\"><div class=\"wpb_wrapper\">\n\t<div  class=\"wpb_single_image wpb_content_element vc_align_center\">\n\t\t\n\t\t<figure class=\"wpb_wrapper vc_figure\">\n\t\t\t<div class=\"vc_single_image-wrapper   vc_box_border_grey\"><img width=\"724\" height=\"1024\" src=\"https:\/\/louzanskyrace.com\/wp-content\/uploads\/sites\/11\/2021\/10\/WhatsApp-Image-2021-10-08-at-11.25.15-724x1024.jpeg\" class=\"vc_single_image-img attachment-large\" alt=\"\" decoding=\"async\" title=\"WhatsApp Image 2021-10-08 at 11.25.15\" loading=\"lazy\" srcset=\"https:\/\/louzanskyrace.com\/wp-content\/uploads\/sites\/11\/2021\/10\/WhatsApp-Image-2021-10-08-at-11.25.15-724x1024.jpeg 724w, https:\/\/louzanskyrace.com\/wp-content\/uploads\/sites\/11\/2021\/10\/WhatsApp-Image-2021-10-08-at-11.25.15-212x300.jpeg 212w, https:\/\/louzanskyrace.com\/wp-content\/uploads\/sites\/11\/2021\/10\/WhatsApp-Image-2021-10-08-at-11.25.15-768x1087.jpeg 768w, https:\/\/louzanskyrace.com\/wp-content\/uploads\/sites\/11\/2021\/10\/WhatsApp-Image-2021-10-08-at-11.25.15-1086x1536.jpeg 1086w, https:\/\/louzanskyrace.com\/wp-content\/uploads\/sites\/11\/2021\/10\/WhatsApp-Image-2021-10-08-at-11.25.15.jpeg 1357w\" sizes=\"(max-width: 724px) 100vw, 724px\" \/><\/div>\n\t\t<\/figure>\n\t<\/div>\n<div class=\"vc_empty_space\"   style=\"height: 10px\"><span class=\"vc_empty_space_inner\"><\/span><\/div>\n\t<div class=\"wpb_text_column wpb_content_element\" >\n\t\t<div class=\"wpb_wrapper\">\n\t\t\t<p class=\"Louzanskyrace\" style=\"text-align: center;\"><a href=\"https:\/\/louzanskyrace.com\/en\/historia\/louzanskyrace-2021\/\"><strong>Louzanskyrace 2021<\/strong><\/a><\/p>\n\n\t\t<\/div>\n\t<\/div>\n<div class=\"vc_empty_space\"   style=\"height: 32px\"><span class=\"vc_empty_space_inner\"><\/span><\/div><\/div><\/div><\/div><div class=\"wpb_column vc_column_container vc_col-sm-3\"><div class=\"vc_column-inner\"><div class=\"wpb_wrapper\">\n\t<div  class=\"wpb_single_image wpb_content_element vc_align_center\">\n\t\t\n\t\t<figure class=\"wpb_wrapper vc_figure\">\n\t\t\t<div class=\"vc_single_image-wrapper   vc_box_border_grey\"><img width=\"234\" height=\"356\" src=\"https:\/\/louzanskyrace.com\/wp-content\/uploads\/sites\/11\/2021\/09\/louzan10002014.jpg\" class=\"vc_single_image-img attachment-large\" alt=\"\" decoding=\"async\" title=\"louzan10002014\" loading=\"lazy\" srcset=\"https:\/\/louzanskyrace.com\/wp-content\/uploads\/sites\/11\/2021\/09\/louzan10002014.jpg 234w, https:\/\/louzanskyrace.com\/wp-content\/uploads\/sites\/11\/2021\/09\/louzan10002014-197x300.jpg 197w\" sizes=\"(max-width: 234px) 100vw, 234px\" \/><\/div>\n\t\t<\/figure>\n\t<\/div>\n<div class=\"vc_empty_space\"   style=\"height: 10px\"><span class=\"vc_empty_space_inner\"><\/span><\/div>\n\t<div class=\"wpb_text_column wpb_content_element\" >\n\t\t<div class=\"wpb_wrapper\">\n\t\t\t<p class=\"Louzanskyrace\" style=\"text-align: center;\"><a href=\"https:\/\/louzanskyrace.com\/en\/historia\/louzanskyrace-2019\/\"><strong>Louzanskyrace 2019<\/strong><\/a><\/p>\n\n\t\t<\/div>\n\t<\/div>\n<div class=\"vc_empty_space\"   style=\"height: 32px\"><span class=\"vc_empty_space_inner\"><\/span><\/div><\/div><\/div><\/div><div class=\"wpb_column vc_column_container vc_col-sm-3\"><div class=\"vc_column-inner\"><div class=\"wpb_wrapper\">\n\t<div  class=\"wpb_single_image wpb_content_element vc_align_center\">\n\t\t\n\t\t<figure class=\"wpb_wrapper vc_figure\">\n\t\t\t<div class=\"vc_single_image-wrapper   vc_box_border_grey\"><img width=\"234\" height=\"356\" src=\"https:\/\/louzanskyrace.com\/wp-content\/uploads\/sites\/11\/2021\/09\/louzan10002014.jpg\" class=\"vc_single_image-img attachment-large\" alt=\"\" decoding=\"async\" title=\"louzan10002014\" loading=\"lazy\" srcset=\"https:\/\/louzanskyrace.com\/wp-content\/uploads\/sites\/11\/2021\/09\/louzan10002014.jpg 234w, https:\/\/louzanskyrace.com\/wp-content\/uploads\/sites\/11\/2021\/09\/louzan10002014-197x300.jpg 197w\" sizes=\"(max-width: 234px) 100vw, 234px\" \/><\/div>\n\t\t<\/figure>\n\t<\/div>\n<div class=\"vc_empty_space\"   style=\"height: 10px\"><span class=\"vc_empty_space_inner\"><\/span><\/div>\n\t<div class=\"wpb_text_column wpb_content_element\" >\n\t\t<div class=\"wpb_wrapper\">\n\t\t\t<p class=\"Louzanskyrace\" style=\"text-align: center;\"><a href=\"https:\/\/louzanskyrace.com\/en\/historia\/louzanskyrace-2018\/\"><strong>Louzanskyrace 2018<\/strong><\/a><\/p>\n\n\t\t<\/div>\n\t<\/div>\n<div class=\"vc_empty_space\"   style=\"height: 32px\"><span class=\"vc_empty_space_inner\"><\/span><\/div><\/div><\/div><\/div><div class=\"wpb_column vc_column_container vc_col-sm-3\"><div class=\"vc_column-inner\"><div class=\"wpb_wrapper\">\n\t<div  class=\"wpb_single_image wpb_content_element vc_align_center\">\n\t\t\n\t\t<figure class=\"wpb_wrapper vc_figure\">\n\t\t\t<div class=\"vc_single_image-wrapper   vc_box_border_grey\"><img width=\"231\" height=\"356\" src=\"https:\/\/louzanskyrace.com\/wp-content\/uploads\/sites\/11\/2021\/09\/louzan10002016.jpg\" class=\"vc_single_image-img attachment-large\" alt=\"\" decoding=\"async\" title=\"louzan10002016\" loading=\"lazy\" srcset=\"https:\/\/louzanskyrace.com\/wp-content\/uploads\/sites\/11\/2021\/09\/louzan10002016.jpg 231w, https:\/\/louzanskyrace.com\/wp-content\/uploads\/sites\/11\/2021\/09\/louzan10002016-195x300.jpg 195w\" sizes=\"(max-width: 231px) 100vw, 231px\" \/><\/div>\n\t\t<\/figure>\n\t<\/div>\n<div class=\"vc_empty_space\"   style=\"height: 10px\"><span class=\"vc_empty_space_inner\"><\/span><\/div>\n\t<div class=\"wpb_text_column wpb_content_element\" >\n\t\t<div class=\"wpb_wrapper\">\n\t\t\t<p class=\"Louzanskyrace\" style=\"text-align: center;\"><a href=\"https:\/\/louzanskyrace.com\/en\/historia\/louzanskyrace-2016\/\"><strong>Louzanskyrace 2016<\/strong><\/a><\/p>\n\n\t\t<\/div>\n\t<\/div>\n<div class=\"vc_empty_space\"   style=\"height: 32px\"><span class=\"vc_empty_space_inner\"><\/span><\/div><\/div><\/div><\/div><div class=\"wpb_column vc_column_container vc_col-sm-3\"><div class=\"vc_column-inner\"><div class=\"wpb_wrapper\">\n\t<div  class=\"wpb_single_image wpb_content_element vc_align_center\">\n\t\t\n\t\t<figure class=\"wpb_wrapper vc_figure\">\n\t\t\t<div class=\"vc_single_image-wrapper   vc_box_border_grey\"><img width=\"234\" height=\"356\" src=\"https:\/\/louzanskyrace.com\/wp-content\/uploads\/sites\/11\/2021\/09\/louzan10002014.jpg\" class=\"vc_single_image-img attachment-large\" alt=\"\" decoding=\"async\" title=\"louzan10002014\" loading=\"lazy\" srcset=\"https:\/\/louzanskyrace.com\/wp-content\/uploads\/sites\/11\/2021\/09\/louzan10002014.jpg 234w, https:\/\/louzanskyrace.com\/wp-content\/uploads\/sites\/11\/2021\/09\/louzan10002014-197x300.jpg 197w\" sizes=\"(max-width: 234px) 100vw, 234px\" \/><\/div>\n\t\t<\/figure>\n\t<\/div>\n<div class=\"vc_empty_space\"   style=\"height: 10px\"><span class=\"vc_empty_space_inner\"><\/span><\/div>\n\t<div class=\"wpb_text_column wpb_content_element\" >\n\t\t<div class=\"wpb_wrapper\">\n\t\t\t<p class=\"Louzanskyrace\" style=\"text-align: center;\"><a href=\"https:\/\/louzanskyrace.com\/en\/historia\/louzanskyrace-2014\/\"><strong>Louzanskyrace 2014<\/strong><\/a><\/p>\n\n\t\t<\/div>\n\t<\/div>\n<div class=\"vc_empty_space\"   style=\"height: 32px\"><span class=\"vc_empty_space_inner\"><\/span><\/div><\/div><\/div><\/div><div class=\"wpb_column vc_column_container vc_col-sm-3\"><div class=\"vc_column-inner\"><div class=\"wpb_wrapper\">\n\t<div  class=\"wpb_single_image wpb_content_element vc_align_center\">\n\t\t\n\t\t<figure class=\"wpb_wrapper vc_figure\">\n\t\t\t<div class=\"vc_single_image-wrapper   vc_box_border_grey\"><img width=\"253\" height=\"356\" src=\"https:\/\/louzanskyrace.com\/wp-content\/uploads\/sites\/11\/2021\/09\/louzan10002001.jpg\" class=\"vc_single_image-img attachment-large\" alt=\"\" decoding=\"async\" title=\"louzan10002001\" loading=\"lazy\" srcset=\"https:\/\/louzanskyrace.com\/wp-content\/uploads\/sites\/11\/2021\/09\/louzan10002001.jpg 253w, https:\/\/louzanskyrace.com\/wp-content\/uploads\/sites\/11\/2021\/09\/louzan10002001-213x300.jpg 213w\" sizes=\"(max-width: 253px) 100vw, 253px\" \/><\/div>\n\t\t<\/figure>\n\t<\/div>\n<div class=\"vc_empty_space\"   style=\"height: 10px\"><span class=\"vc_empty_space_inner\"><\/span><\/div>\n\t<div class=\"wpb_text_column wpb_content_element\" >\n\t\t<div class=\"wpb_wrapper\">\n\t\t\t<p class=\"Louzanskyrace\" style=\"text-align: center;\"><a href=\"https:\/\/louzanskyrace.com\/en\/historia\/louzanskyrace-2000\/\"><strong>Louzanskyrace 2001<\/strong><\/a><\/p>\n\n\t\t<\/div>\n\t<\/div>\n<div class=\"vc_empty_space\"   style=\"height: 32px\"><span class=\"vc_empty_space_inner\"><\/span><\/div><\/div><\/div><\/div><div class=\"wpb_column vc_column_container vc_col-sm-3\"><div class=\"vc_column-inner\"><div class=\"wpb_wrapper\">\n\t<div  class=\"wpb_single_image wpb_content_element vc_align_center\">\n\t\t\n\t\t<figure class=\"wpb_wrapper vc_figure\">\n\t\t\t<div class=\"vc_single_image-wrapper   vc_box_border_grey\"><img width=\"260\" height=\"356\" src=\"https:\/\/louzanskyrace.com\/wp-content\/uploads\/sites\/11\/2021\/09\/louzan10002000.jpg\" class=\"vc_single_image-img attachment-large\" alt=\"\" decoding=\"async\" title=\"louzan10002000\" loading=\"lazy\" srcset=\"https:\/\/louzanskyrace.com\/wp-content\/uploads\/sites\/11\/2021\/09\/louzan10002000.jpg 260w, https:\/\/louzanskyrace.com\/wp-content\/uploads\/sites\/11\/2021\/09\/louzan10002000-219x300.jpg 219w\" sizes=\"(max-width: 260px) 100vw, 260px\" \/><\/div>\n\t\t<\/figure>\n\t<\/div>\n<div class=\"vc_empty_space\"   style=\"height: 10px\"><span class=\"vc_empty_space_inner\"><\/span><\/div>\n\t<div class=\"wpb_text_column wpb_content_element\" >\n\t\t<div class=\"wpb_wrapper\">\n\t\t\t<p class=\"Louzanskyrace\" style=\"text-align: center;\"><a href=\"https:\/\/louzanskyrace.com\/en\/historia\/louzanskyrace-2014\/\"><strong>Louzanskyrace 2000<\/strong><\/a><\/p>\n\n\t\t<\/div>\n\t<\/div>\n<div class=\"vc_empty_space\"   style=\"height: 32px\"><span class=\"vc_empty_space_inner\"><\/span><\/div><\/div><\/div><\/div><div class=\"wpb_column vc_column_container vc_col-sm-3\"><div class=\"vc_column-inner\"><div class=\"wpb_wrapper\">\n\t<div  class=\"wpb_single_image wpb_content_element vc_align_center\">\n\t\t\n\t\t<figure class=\"wpb_wrapper vc_figure\">\n\t\t\t<div class=\"vc_single_image-wrapper   vc_box_border_grey\"><img width=\"264\" height=\"356\" src=\"https:\/\/louzanskyrace.com\/wp-content\/uploads\/sites\/11\/2021\/09\/louzan10001999.jpg\" class=\"vc_single_image-img attachment-large\" alt=\"\" decoding=\"async\" title=\"louzan10001999\" loading=\"lazy\" srcset=\"https:\/\/louzanskyrace.com\/wp-content\/uploads\/sites\/11\/2021\/09\/louzan10001999.jpg 264w, https:\/\/louzanskyrace.com\/wp-content\/uploads\/sites\/11\/2021\/09\/louzan10001999-222x300.jpg 222w\" sizes=\"(max-width: 264px) 100vw, 264px\" \/><\/div>\n\t\t<\/figure>\n\t<\/div>\n<div class=\"vc_empty_space\"   style=\"height: 10px\"><span class=\"vc_empty_space_inner\"><\/span><\/div>\n\t<div class=\"wpb_text_column wpb_content_element\" >\n\t\t<div class=\"wpb_wrapper\">\n\t\t\t<p class=\"Louzanskyrace\" style=\"text-align: center;\"><a href=\"http:\/\/wp.hugorodrigues.eu\/louzanskyrace\/historia\/louzanskyrace-2013\/\"><strong>Louzanskyrace 1999<\/strong><\/a><\/p>\n\n\t\t<\/div>\n\t<\/div>\n<div class=\"vc_empty_space\"   style=\"height: 32px\"><span class=\"vc_empty_space_inner\"><\/span><\/div><\/div><\/div><\/div><\/div><\/div><\/div>\n<!--themify_builder_content-->\n<div id=\"themify_builder_content-8965\" data-postid=\"8965\" class=\"themify_builder_content themify_builder_content-8965 themify_builder tf_clear\">\n    <\/div>\n<!--\/themify_builder_content-->","protected":false},"excerpt":{"rendered":"O Montanha Clube na sequ\u00eancia do sucesso das edi\u00e7\u00f5es anteriores da prova que \u00e9 hoje o Louzan1000 (integrado no Campeonato Nacional de Skyrunning \u2013 Km Vertical), organizou a primeira edi\u00e7\u00e3o da Louzanskyrace a 27 de Outubro de 2019. Louzanskyrace 2021 Louzanskyrace 2019 Louzanskyrace 2018 Louzanskyrace...","protected":false},"author":1,"featured_media":0,"parent":0,"menu_order":0,"comment_status":"closed","ping_status":"closed","template":"full-width.php","meta":{"footnotes":""},"builder_content":"","_links":{"self":[{"href":"https:\/\/louzanskyrace.com\/en\/wp-json\/wp\/v2\/pages\/8965"}],"collection":[{"href":"https:\/\/louzanskyrace.com\/en\/wp-json\/wp\/v2\/pages"}],"about":[{"href":"https:\/\/louzanskyrace.com\/en\/wp-json\/wp\/v2\/types\/page"}],"author":[{"embeddable":true,"href":"https:\/\/louzanskyrace.com\/en\/wp-json\/wp\/v2\/users\/1"}],"replies":[{"embeddable":true,"href":"https:\/\/louzanskyrace.com\/en\/wp-json\/wp\/v2\/comments?post=8965"}],"version-history":[{"count":7,"href":"https:\/\/louzanskyrace.com\/en\/wp-json\/wp\/v2\/pages\/8965\/revisions"}],"predecessor-version":[{"id":10541,"href":"https:\/\/louzanskyrace.com\/en\/wp-json\/wp\/v2\/pages\/8965\/revisions\/10541"}],"wp:attachment":[{"href":"https:\/\/louzanskyrace.com\/en\/wp-json\/wp\/v2\/media?parent=8965"}],"curies":[{"name":"wp","href":"https:\/\/api.w.org\/{rel}","templated":true}]}}