{"id":8959,"date":"2019-09-03T15:32:52","date_gmt":"2019-09-03T15:32:52","guid":{"rendered":"http:\/\/louzanskyrace.com\/?page_id=8959"},"modified":"2022-04-09T18:20:37","modified_gmt":"2022-04-09T18:20:37","slug":"eco-responsabilidade","status":"publish","type":"page","link":"https:\/\/louzanskyrace.com\/en\/louzanskyrace-2\/eco-responsabilidade\/","title":{"rendered":"Eco-Responsibility"},"content":{"rendered":"<div class=\"vc_row wpb_row vc_row-fluid edgtf-section edgtf-content-aligment-left edgtf-grid-section\" style=\"\"><div class=\"clearfix edgtf-section-inner\"><div class=\"edgtf-section-inner-margin clearfix\"><div class=\"wpb_column vc_column_container vc_col-sm-12\"><div class=\"vc_column-inner\"><div class=\"wpb_wrapper\">\n\t<div class=\"wpb_text_column wpb_content_element\" >\n\t\t<div class=\"wpb_wrapper\">\n\t\t\t<p>Louzanskyrace is a high impact sporting event in Lous\u00e3 because it attracts hundreds of visitors, we realize that we are in a very important natural environment and that the imbalance caused must be reduced to the maximum. However, we intend with Louzantrail to make known the natural richness of Serra da Lous\u00e3 and raise awareness of its conservation and protection.<br \/>\nThe aim of the Louzanskyrace is to make known the natural richness of Serra da Lous\u00e3, but also to emphasize and make all involved aware of its conservation and protection. The mountain belongs to all and for all and, therefore, it is imperative to raise awareness among stakeholders of its importance.<\/p>\n<p>In an age of climate change, more and more help in spreading nature protection is needed. And Louzanskyrace also aims to convey all these humanitarian and environmental values to all in general.<br \/>\nAnd in order to contribute to this, the Louzanskyrace organization has been year by year introducing recycled materials in the marking of their routes, in the different events, and together with the Mountanha Clube regularly collects debris throughout the year, left behind. by other Serra da Lous\u00e3 users, and not only during and after the organized events.<br \/>\nIt has been regularly promoting the maintenance, conservation and restoration of old trails used by the people of the mountain villages and the Schist Villages.<br \/>\nIt seeks to minimize the waste produced, so it favored the electronic way of communication with all Louzanskyrace stakeholders.<\/p>\n<p>Thus, together it contributes to the reduction of the ecological footprint.<\/p>\n\n\t\t<\/div>\n\t<\/div>\n<\/div><\/div><\/div><\/div><\/div><\/div><div class=\"vc_row wpb_row vc_row-fluid edgtf-section edgtf-content-aligment-center edgtf-grid-section\" style=\"\"><div class=\"clearfix edgtf-section-inner\"><div class=\"edgtf-section-inner-margin clearfix\"><div class=\"wpb_column vc_column_container vc_col-sm-12\"><div class=\"vc_column-inner\"><div class=\"wpb_wrapper\">\n\t<div  class=\"wpb_single_image wpb_content_element vc_align_center\">\n\t\t\n\t\t<figure class=\"wpb_wrapper vc_figure\">\n\t\t\t<div class=\"vc_single_image-wrapper   vc_box_border_grey\"><img width=\"1024\" height=\"606\" src=\"https:\/\/louzanskyrace.com\/wp-content\/uploads\/sites\/11\/2021\/09\/louzantrail_20-1024x606.jpg\" class=\"vc_single_image-img attachment-large\" alt=\"\" decoding=\"async\" title=\"fotosdoze.com\" loading=\"lazy\" srcset=\"https:\/\/louzanskyrace.com\/wp-content\/uploads\/sites\/11\/2021\/09\/louzantrail_20-1024x606.jpg 1024w, https:\/\/louzanskyrace.com\/wp-content\/uploads\/sites\/11\/2021\/09\/louzantrail_20-300x178.jpg 300w, https:\/\/louzanskyrace.com\/wp-content\/uploads\/sites\/11\/2021\/09\/louzantrail_20-768x455.jpg 768w, https:\/\/louzanskyrace.com\/wp-content\/uploads\/sites\/11\/2021\/09\/louzantrail_20.jpg 1191w\" sizes=\"(max-width: 1024px) 100vw, 1024px\" \/><\/div>\n\t\t<\/figure>\n\t<\/div>\n<\/div><\/div><\/div><\/div><\/div><\/div>\n<!--themify_builder_content-->\n<div id=\"themify_builder_content-8959\" data-postid=\"8959\" class=\"themify_builder_content themify_builder_content-8959 themify_builder tf_clear\">\n    <\/div>\n<!--\/themify_builder_content-->","protected":false},"excerpt":{"rendered":"A Louzanskyrace \u00e9 um evento desportivo de elevada import\u00e2ncia na Lous\u00e3 por atrair centenas de atletas e visitantes nacionais e internacionais, e o Montanha Clube, como organizador do Louzanskyrace, tem a perfeita no\u00e7\u00e3o que estamos num ambiente natural com fauna e flora de extrema import\u00e2ncia...","protected":false},"author":1,"featured_media":0,"parent":5162,"menu_order":3,"comment_status":"closed","ping_status":"closed","template":"","meta":{"footnotes":""},"builder_content":"","_links":{"self":[{"href":"https:\/\/louzanskyrace.com\/en\/wp-json\/wp\/v2\/pages\/8959"}],"collection":[{"href":"https:\/\/louzanskyrace.com\/en\/wp-json\/wp\/v2\/pages"}],"about":[{"href":"https:\/\/louzanskyrace.com\/en\/wp-json\/wp\/v2\/types\/page"}],"author":[{"embeddable":true,"href":"https:\/\/louzanskyrace.com\/en\/wp-json\/wp\/v2\/users\/1"}],"replies":[{"embeddable":true,"href":"https:\/\/louzanskyrace.com\/en\/wp-json\/wp\/v2\/comments?post=8959"}],"version-history":[{"count":2,"href":"https:\/\/louzanskyrace.com\/en\/wp-json\/wp\/v2\/pages\/8959\/revisions"}],"predecessor-version":[{"id":10892,"href":"https:\/\/louzanskyrace.com\/en\/wp-json\/wp\/v2\/pages\/8959\/revisions\/10892"}],"up":[{"embeddable":true,"href":"https:\/\/louzanskyrace.com\/en\/wp-json\/wp\/v2\/pages\/5162"}],"wp:attachment":[{"href":"https:\/\/louzanskyrace.com\/en\/wp-json\/wp\/v2\/media?parent=8959"}],"curies":[{"name":"wp","href":"https:\/\/api.w.org\/{rel}","templated":true}]}}