{"id":8947,"date":"2019-09-03T15:06:39","date_gmt":"2019-09-03T15:06:39","guid":{"rendered":"http:\/\/louzanskyrace.com\/?page_id=8947"},"modified":"2022-04-09T18:20:29","modified_gmt":"2022-04-09T18:20:29","slug":"seguranca","status":"publish","type":"page","link":"https:\/\/louzanskyrace.com\/en\/louzanskyrace-2\/seguranca\/","title":{"rendered":"Safety"},"content":{"rendered":"<div class=\"vc_row wpb_row vc_row-fluid edgtf-section edgtf-content-aligment-left edgtf-grid-section\" style=\"\"><div class=\"clearfix edgtf-section-inner\"><div class=\"edgtf-section-inner-margin clearfix\"><div class=\"wpb_column vc_column_container vc_col-sm-12\"><div class=\"vc_column-inner\"><div class=\"wpb_wrapper\"><div class=\"vc_empty_space\"   style=\"height: 20px\"><span class=\"vc_empty_space_inner\"><\/span><\/div>\n<div class=\"edgtf-section-title edgtf-section-align-center\" style=\"font-size: 24px\">\n\tWhat are the principles of mountain safety?\t<\/div><div class=\"vc_empty_space\"   style=\"height: 20px\"><span class=\"vc_empty_space_inner\"><\/span><\/div>\n\t<div class=\"wpb_text_column wpb_content_element\" >\n\t\t<div class=\"wpb_wrapper\">\n\t\t\t<p style=\"text-align: justify;\">Each athlete is responsible for their own safety. In the mountains, autonomy is the foundation that should always be the priority over everything. To be autonomous, it is essential to take care of one's own health and to know how to evaluate oneself. Think about eating and drinking regularly. Watch for symptoms that could be a warning: nausea, difficulty urinating, blood in the urine, tachycardia, hypothermia, or hyperthermia. If you have a problem, ask yourself, \u201cCan I get to the next PAC without endangering me?\u201d If you cannot continue, call the number on your bib or 112. Note that even if organization has a well-structured plan to help ensure the safety of athletes, various mountain or race environment situations can keep you waiting for help longer than expected.<\/p>\n\n\t\t<\/div>\n\t<\/div>\n<div class=\"vc_empty_space\"   style=\"height: 20px\"><span class=\"vc_empty_space_inner\"><\/span><\/div>\n<div class=\"edgtf-section-title edgtf-section-align-center\" style=\"font-size: 24px\">\n\tRequired Gear\t<\/div><div class=\"vc_empty_space\"   style=\"height: 20px\"><span class=\"vc_empty_space_inner\"><\/span><\/div>\n\t<div class=\"wpb_text_column wpb_content_element\" >\n\t\t<div class=\"wpb_wrapper\">\n\t\t\t<p>All the required gear as well as the recommended for the Louzanskyrace is thought for yours. There is nothing useless. In the mountains, weather conditions change very fast and these changes are not always predictable in advance.<\/p>\n\n\t\t<\/div>\n\t<\/div>\n<div class=\"vc_empty_space\"   style=\"height: 20px\"><span class=\"vc_empty_space_inner\"><\/span><\/div><div class=\"vc_empty_space\"   style=\"height: 20px\"><span class=\"vc_empty_space_inner\"><\/span><\/div>\n<div class=\"edgtf-section-title edgtf-section-align-center\" style=\"font-size: 24px\">\n\tWhat to do when injured or in trouble?\t<\/div>\n\t<div class=\"wpb_text_column wpb_content_element\" >\n\t\t<div class=\"wpb_wrapper\">\n\t\t\t<p>Solidarity is an essential value in the mountains. Helping a runner who is injured or in difficulty is an absolute must. If you find a person in difficulty, talk to them, ask them how you feel, alert them and stay with them until help arrives.<\/p>\n\n\t\t<\/div>\n\t<\/div>\n<div class=\"vc_empty_space\"   style=\"height: 20px\"><span class=\"vc_empty_space_inner\"><\/span><\/div>\n<div class=\"edgtf-section-title edgtf-section-align-center\" style=\"font-size: 24px\">\n\tIn case of a problem, what is the correct way to give the alert?\t<\/div><div class=\"vc_empty_space\"   style=\"height: 20px\"><span class=\"vc_empty_space_inner\"><\/span><\/div>\n\t<div class=\"wpb_text_column wpb_content_element\" >\n\t\t<div class=\"wpb_wrapper\">\n\t\t\t<p>The location of the victim and the nature of their problem or injury is important information for first responders. According to Louzanskyrace regulations, you must have one with a fully charged battery. To save battery power, consider turning off several useless mountain options, such as wifi, bluetooth\u00ae, and 3 \/ 4G.<\/p>\n\n\t\t<\/div>\n\t<\/div>\n<div class=\"vc_empty_space\"   style=\"height: 20px\"><span class=\"vc_empty_space_inner\"><\/span><\/div>\n<div class=\"edgtf-section-title edgtf-section-align-center\" style=\"font-size: 24px\">\n\tAnd performance?\t<\/div><div class=\"vc_empty_space\"   style=\"height: 20px\"><span class=\"vc_empty_space_inner\"><\/span><\/div>\n\t<div class=\"wpb_text_column wpb_content_element\" >\n\t\t<div class=\"wpb_wrapper\">\n\t\t\t<p>In addition to your safety, your performance will be great if you have the right material. Excess heat is a source of wasted energy\u2026 save you the most energy to run!<\/p>\n\n\t\t<\/div>\n\t<\/div>\n<\/div><\/div><\/div><\/div><\/div><\/div><div class=\"vc_row wpb_row vc_row-fluid edgtf-section vc_custom_1568230707319 edgtf-content-aligment-center edgtf-grid-section\" style=\"\"><div class=\"clearfix edgtf-section-inner\"><div class=\"edgtf-section-inner-margin clearfix\"><div class=\"wpb_column vc_column_container vc_col-sm-12\"><div class=\"vc_column-inner\"><div class=\"wpb_wrapper\">\n\t<div  class=\"wpb_single_image wpb_content_element vc_align_center\">\n\t\t\n\t\t<figure class=\"wpb_wrapper vc_figure\">\n\t\t\t<div class=\"vc_single_image-wrapper   vc_box_border_grey\"><img width=\"1024\" height=\"620\" src=\"https:\/\/louzanskyrace.com\/wp-content\/uploads\/sites\/11\/2021\/09\/louzantrail_19-1024x620.jpg\" class=\"vc_single_image-img attachment-large\" alt=\"\" decoding=\"async\" title=\"fotosdoze.com\" loading=\"lazy\" srcset=\"https:\/\/louzanskyrace.com\/wp-content\/uploads\/sites\/11\/2021\/09\/louzantrail_19-1024x620.jpg 1024w, https:\/\/louzanskyrace.com\/wp-content\/uploads\/sites\/11\/2021\/09\/louzantrail_19-300x182.jpg 300w, https:\/\/louzanskyrace.com\/wp-content\/uploads\/sites\/11\/2021\/09\/louzantrail_19-768x465.jpg 768w, https:\/\/louzanskyrace.com\/wp-content\/uploads\/sites\/11\/2021\/09\/louzantrail_19.jpg 1165w\" sizes=\"(max-width: 1024px) 100vw, 1024px\" \/><\/div>\n\t\t<\/figure>\n\t<\/div>\n<\/div><\/div><\/div><\/div><\/div><\/div>\n<!--themify_builder_content-->\n<div id=\"themify_builder_content-8947\" data-postid=\"8947\" class=\"themify_builder_content themify_builder_content-8947 themify_builder tf_clear\">\n    <\/div>\n<!--\/themify_builder_content-->","protected":false},"excerpt":{"rendered":"Quais s\u00e3o os princ\u00edpios da seguran\u00e7a nas montanhas? Cada atleta \u00e9 respons\u00e1vel pela sua pr\u00f3pria seguran\u00e7a. Na montanha, a autonomia \u00e9 a base e a prioridade sobre tudo. Para se ser aut\u00f3nomo, \u00e9 essencial e de forma consciente, saber cuidar da pr\u00f3pria sa\u00fade autoavaliar-se. Pensar...","protected":false},"author":1,"featured_media":0,"parent":5162,"menu_order":2,"comment_status":"closed","ping_status":"closed","template":"full-width.php","meta":{"footnotes":""},"builder_content":"","_links":{"self":[{"href":"https:\/\/louzanskyrace.com\/en\/wp-json\/wp\/v2\/pages\/8947"}],"collection":[{"href":"https:\/\/louzanskyrace.com\/en\/wp-json\/wp\/v2\/pages"}],"about":[{"href":"https:\/\/louzanskyrace.com\/en\/wp-json\/wp\/v2\/types\/page"}],"author":[{"embeddable":true,"href":"https:\/\/louzanskyrace.com\/en\/wp-json\/wp\/v2\/users\/1"}],"replies":[{"embeddable":true,"href":"https:\/\/louzanskyrace.com\/en\/wp-json\/wp\/v2\/comments?post=8947"}],"version-history":[{"count":3,"href":"https:\/\/louzanskyrace.com\/en\/wp-json\/wp\/v2\/pages\/8947\/revisions"}],"predecessor-version":[{"id":10891,"href":"https:\/\/louzanskyrace.com\/en\/wp-json\/wp\/v2\/pages\/8947\/revisions\/10891"}],"up":[{"embeddable":true,"href":"https:\/\/louzanskyrace.com\/en\/wp-json\/wp\/v2\/pages\/5162"}],"wp:attachment":[{"href":"https:\/\/louzanskyrace.com\/en\/wp-json\/wp\/v2\/media?parent=8947"}],"curies":[{"name":"wp","href":"https:\/\/api.w.org\/{rel}","templated":true}]}}