{"id":8935,"date":"2019-09-03T14:59:33","date_gmt":"2019-09-03T14:59:33","guid":{"rendered":"http:\/\/louzanskyrace.com\/?page_id=8935"},"modified":"2022-08-08T17:23:36","modified_gmt":"2022-08-08T17:23:36","slug":"voluntarios","status":"publish","type":"page","link":"https:\/\/louzanskyrace.com\/en\/louzanskyrace-2\/voluntarios\/","title":{"rendered":"Volunteers"},"content":{"rendered":"<div class=\"vc_row wpb_row vc_row-fluid edgtf-section edgtf-content-aligment-left edgtf-grid-section\" style=\"\"><div class=\"clearfix edgtf-section-inner\"><div class=\"edgtf-section-inner-margin clearfix\"><div class=\"wpb_column vc_column_container vc_col-sm-12\"><div class=\"vc_column-inner\"><div class=\"wpb_wrapper\">\n\t<div class=\"wpb_text_column wpb_content_element\" >\n\t\t<div class=\"wpb_wrapper\">\n\t\t\t<p>Louzanskyrace is a huge impact and visibility sport event in Lous\u00e3 that will attract thousands of people, from participants and visitors.<\/p>\n<p>The organization of Louzanskyrace, has the perfect idea that event will only be possible with its tireless volunteers who will assist all who visit us. And for that we count on the help of all. Do you want to help this party ?!<\/p>\n<p>If you want to participate and assist with the organization of the event, you can be one of the volunteers. To help and leave your contribution.<\/p>\n\n\t\t<\/div>\n\t<\/div>\n<\/div><\/div><\/div><\/div><\/div><\/div><div class=\"vc_row wpb_row vc_row-fluid edgtf-section vc_custom_1568229191548 edgtf-content-aligment-center edgtf-grid-section\" style=\"\"><div class=\"clearfix edgtf-section-inner\"><div class=\"edgtf-section-inner-margin clearfix\"><div class=\"wpb_column vc_column_container vc_col-sm-12\"><div class=\"vc_column-inner\"><div class=\"wpb_wrapper\"><a href=\"https:\/\/forms.gle\/9LzK78Bfy4ksDTNk7\" target=\"_blank\"  class=\"edgtf-btn edgtf-btn-large edgtf-btn-solid\"  >\n\t\t\t<span class=\"edgtf-btn-text\">Register Here<\/span>\n\t    <\/a><\/div><\/div><\/div><\/div><\/div><\/div><div class=\"vc_row wpb_row vc_row-fluid edgtf-section edgtf-content-aligment-center edgtf-grid-section\" style=\"\"><div class=\"clearfix edgtf-section-inner\"><div class=\"edgtf-section-inner-margin clearfix\"><div class=\"wpb_column vc_column_container vc_col-sm-12\"><div class=\"vc_column-inner\"><div class=\"wpb_wrapper\">\n\t<div  class=\"wpb_single_image wpb_content_element vc_align_center\">\n\t\t\n\t\t<figure class=\"wpb_wrapper vc_figure\">\n\t\t\t<a href=\"https:\/\/forms.gle\/9LzK78Bfy4ksDTNk7\" target=\"_blank\" class=\"vc_single_image-wrapper   vc_box_border_grey\"><img width=\"1024\" height=\"683\" src=\"https:\/\/louzanskyrace.com\/wp-content\/uploads\/sites\/11\/2021\/09\/voluntary-1024x683.jpg\" class=\"vc_single_image-img attachment-large\" alt=\"\" decoding=\"async\" title=\"voluntary\" loading=\"lazy\" srcset=\"https:\/\/louzanskyrace.com\/wp-content\/uploads\/sites\/11\/2021\/09\/voluntary-1024x683.jpg 1024w, https:\/\/louzanskyrace.com\/wp-content\/uploads\/sites\/11\/2021\/09\/voluntary-300x200.jpg 300w, https:\/\/louzanskyrace.com\/wp-content\/uploads\/sites\/11\/2021\/09\/voluntary-768x513.jpg 768w, https:\/\/louzanskyrace.com\/wp-content\/uploads\/sites\/11\/2021\/09\/voluntary-1536x1025.jpg 1536w, https:\/\/louzanskyrace.com\/wp-content\/uploads\/sites\/11\/2021\/09\/voluntary.jpg 1900w\" sizes=\"(max-width: 1024px) 100vw, 1024px\" \/><\/a>\n\t\t<\/figure>\n\t<\/div>\n<\/div><\/div><\/div><\/div><\/div><\/div>\n<!--themify_builder_content-->\n<div id=\"themify_builder_content-8935\" data-postid=\"8935\" class=\"themify_builder_content themify_builder_content-8935 themify_builder tf_clear\">\n    <\/div>\n<!--\/themify_builder_content-->","protected":false},"excerpt":{"rendered":"O\u00a0Louzanskyrace \u00e9 um evento desportivo de\u00a0enorme impacto\u00a0e visibilidade\u00a0na Lous\u00e3\u00a0que ir\u00e1 atrair\u00a0atrair milhares de\u00a0pessoas, desde\u00a0participantes e visitantes. A organiza\u00e7\u00e3o da Louzanskyrace, tem a perfeita no\u00e7\u00e3o de que o evento s\u00f3 ser\u00e1 poss\u00edvel com os seus incans\u00e1veis volunt\u00e1rios que prestar\u00e3o assist\u00eancia a todos os que nos visitam....","protected":false},"author":1,"featured_media":0,"parent":5162,"menu_order":0,"comment_status":"closed","ping_status":"closed","template":"full-width.php","meta":{"footnotes":""},"builder_content":"","_links":{"self":[{"href":"https:\/\/louzanskyrace.com\/en\/wp-json\/wp\/v2\/pages\/8935"}],"collection":[{"href":"https:\/\/louzanskyrace.com\/en\/wp-json\/wp\/v2\/pages"}],"about":[{"href":"https:\/\/louzanskyrace.com\/en\/wp-json\/wp\/v2\/types\/page"}],"author":[{"embeddable":true,"href":"https:\/\/louzanskyrace.com\/en\/wp-json\/wp\/v2\/users\/1"}],"replies":[{"embeddable":true,"href":"https:\/\/louzanskyrace.com\/en\/wp-json\/wp\/v2\/comments?post=8935"}],"version-history":[{"count":4,"href":"https:\/\/louzanskyrace.com\/en\/wp-json\/wp\/v2\/pages\/8935\/revisions"}],"predecessor-version":[{"id":10936,"href":"https:\/\/louzanskyrace.com\/en\/wp-json\/wp\/v2\/pages\/8935\/revisions\/10936"}],"up":[{"embeddable":true,"href":"https:\/\/louzanskyrace.com\/en\/wp-json\/wp\/v2\/pages\/5162"}],"wp:attachment":[{"href":"https:\/\/louzanskyrace.com\/en\/wp-json\/wp\/v2\/media?parent=8935"}],"curies":[{"name":"wp","href":"https:\/\/api.w.org\/{rel}","templated":true}]}}