{"id":5515,"date":"2016-11-01T09:19:51","date_gmt":"2016-11-01T09:19:51","guid":{"rendered":"http:\/\/freestyle.edge-themes.com\/?page_id=5515"},"modified":"2021-10-19T09:48:37","modified_gmt":"2021-10-19T09:48:37","slug":"contactos","status":"publish","type":"page","link":"https:\/\/louzanskyrace.com\/en\/contactos\/","title":{"rendered":"Contacts"},"content":{"rendered":"<div class=\"vc_row wpb_row vc_row-fluid edgtf-section vc_custom_1477993053091 edgtf-content-aligment-left edgtf-grid-section\" style=\"\"><div class=\"clearfix edgtf-section-inner\"><div class=\"edgtf-section-inner-margin clearfix\"><div class=\"wpb_column vc_column_container vc_col-sm-12 vc_col-lg-6 vc_col-md-6\"><div class=\"vc_column-inner vc_custom_1478774025570\"><div class=\"wpb_wrapper\">\n<div class=\"edgtf-section-title edgtf-section-align-left\" >\n\tStart Your Adventure\t<\/div><div class=\"vc_empty_space\"   style=\"height: 5px\"><span class=\"vc_empty_space_inner\"><\/span><\/div>\n<span class=\"edgtf-section-subtitle\" style=\"text-align:left\">\n\t\tWrite to us\t<\/span><div class=\"vc_empty_space\"   style=\"height: 10px\"><span class=\"vc_empty_space_inner\"><\/span><\/div>\n\t<div class=\"wpb_text_column wpb_content_element\" >\n\t\t<div class=\"wpb_wrapper\">\n\t\t\t\n\t\t<\/div>\n\t<\/div>\n<div class=\"vc_empty_space\"   style=\"height: 20px\"><span class=\"vc_empty_space_inner\"><\/span><\/div><div class=\"edgtf-icon-list-item\">\n\t<div class=\"edgtf-icon-list-icon-holder\">\n        <div class=\"edgtf-icon-list-icon-holder-inner clearfix\">\n\t\t\t<i class=\"edgtf-icon-linear-icon lnr lnr-map-marker\" style=\"color:#fc7e08;font-size:15px\" ><\/i>\t\t<\/div>\n\t<\/div>\n\t<p class=\"edgtf-icon-list-text\" style=\"color:#000000;font-size:15px\" > Louzanpark, Cacilhas, 3200 Louzan, Portugal<\/p>\n<\/div><div class=\"vc_empty_space\"   style=\"height: 15px\"><span class=\"vc_empty_space_inner\"><\/span><\/div><div class=\"edgtf-icon-list-item\">\n\t<div class=\"edgtf-icon-list-icon-holder\">\n        <div class=\"edgtf-icon-list-icon-holder-inner clearfix\">\n\t\t\t<i class=\"edgtf-icon-linear-icon lnr lnr-smartphone\" style=\"color:#fc7e08;font-size:15px\" ><\/i>\t\t<\/div>\n\t<\/div>\n\t<p class=\"edgtf-icon-list-text\" style=\"color:#000000;font-size:15px\" > +351 912 209 732<\/p>\n<\/div><div class=\"vc_empty_space\"   style=\"height: 15px\"><span class=\"vc_empty_space_inner\"><\/span><\/div><div class=\"edgtf-icon-list-item\">\n\t<div class=\"edgtf-icon-list-icon-holder\">\n        <div class=\"edgtf-icon-list-icon-holder-inner clearfix\">\n\t\t\t<i class=\"edgtf-icon-linear-icon lnr lnr-envelope\" style=\"color:#fc7e08;font-size:15px\" ><\/i>\t\t<\/div>\n\t<\/div>\n\t<p class=\"edgtf-icon-list-text\" style=\"color:#000000;font-size:15px\" > info@louzanskyrace.com<\/p>\n<\/div><div class=\"vc_empty_space\"   style=\"height: 30px\"><span class=\"vc_empty_space_inner\"><\/span><\/div><\/div><\/div><\/div><div class=\"wpb_column vc_column_container vc_col-sm-12 vc_col-lg-6 vc_col-md-6\"><div class=\"vc_column-inner\"><div class=\"wpb_wrapper\">\n\t<div class=\"wpb_text_column wpb_content_element\" >\n\t\t<div class=\"wpb_wrapper\">\n\t\t\t\n<div class=\"wpcf7 no-js\" id=\"wpcf7-f10374-o1\" lang=\"pt-PT\" dir=\"ltr\">\n<div class=\"screen-reader-response\"><p role=\"status\" aria-live=\"polite\" aria-atomic=\"true\"><\/p> <ul><\/ul><\/div>\n<form action=\"\/en\/wp-json\/wp\/v2\/pages\/5515#wpcf7-f10374-o1\" method=\"post\" class=\"wpcf7-form init\" aria-label=\"Formul\u00e1rio de contacto\" novalidate=\"novalidate\" data-status=\"init\" data-trp-original-action=\"\/en\/wp-json\/wp\/v2\/pages\/5515#wpcf7-f10374-o1\">\n<div style=\"display: none;\">\n<input type=\"hidden\" name=\"_wpcf7\" value=\"10374\" \/>\n<input type=\"hidden\" name=\"_wpcf7_version\" value=\"5.8.1\" \/>\n<input type=\"hidden\" name=\"_wpcf7_locale\" value=\"pt_PT\" \/>\n<input type=\"hidden\" name=\"_wpcf7_unit_tag\" value=\"wpcf7-f10374-o1\" \/>\n<input type=\"hidden\" name=\"_wpcf7_container_post\" value=\"0\" \/>\n<input type=\"hidden\" name=\"_wpcf7_posted_data_hash\" value=\"\" \/>\n<\/div>\n<p><label> Your name (required)<br \/>\n<span class=\"wpcf7-form-control-wrap\" data-name=\"your-name\"><input size=\"40\" class=\"wpcf7-form-control wpcf7-text wpcf7-validates-as-required\" aria-required=\"true\" aria-invalid=\"false\" value=\"\" type=\"text\" name=\"your-name\" \/><\/span> <\/label>\n<\/p>\n<p><label> Your email (required)<br \/>\n<span class=\"wpcf7-form-control-wrap\" data-name=\"your-email\"><input size=\"40\" class=\"wpcf7-form-control wpcf7-email wpcf7-validates-as-required wpcf7-text wpcf7-validates-as-email\" aria-required=\"true\" aria-invalid=\"false\" value=\"\" type=\"email\" name=\"your-email\" \/><\/span> <\/label>\n<\/p>\n<p><label> Subject<br \/>\n<span class=\"wpcf7-form-control-wrap\" data-name=\"your-subject\"><input size=\"40\" class=\"wpcf7-form-control wpcf7-text\" aria-invalid=\"false\" value=\"\" type=\"text\" name=\"your-subject\" \/><\/span> <\/label>\n<\/p>\n<p><label> Your message<br \/>\n<span class=\"wpcf7-form-control-wrap\" data-name=\"your-message\"><textarea cols=\"40\" rows=\"10\" class=\"wpcf7-form-control wpcf7-textarea\" aria-invalid=\"false\" name=\"your-message\"><\/textarea><\/span> <\/label>\n<\/p>\n<p><input class=\"wpcf7-form-control wpcf7-submit has-spinner\" type=\"submit\" value=\"Send\" \/>\n<\/p><div class=\"wpcf7-response-output\" aria-hidden=\"true\"><\/div>\n<input type=\"hidden\" name=\"trp-form-language\" value=\"en\"\/><\/form>\n<\/div>\n\n\n\t\t<\/div>\n\t<\/div>\n<\/div><\/div><\/div><\/div><\/div><\/div><div class=\"vc_row wpb_row vc_row-fluid edgtf-section vc_custom_1478774086480 edgtf-content-aligment-left edgtf-grid-section\" style=\"\"><div class=\"clearfix edgtf-section-inner\"><div class=\"edgtf-section-inner-margin clearfix\"><div class=\"wpb_column vc_column_container vc_col-sm-4 vc_col-lg-4 vc_col-md-6 vc_col-xs-12\"><div class=\"vc_column-inner vc_custom_1568022621452\"><div class=\"wpb_wrapper\"><div class=\"edgtf-iwt clearfix edgtf-iwt-icon-top edgtf-iwt-flip-enabled-no edgtf-iwt-icon-medium\">\n    <div class=\"edgtf-iwt-icon-holder\" >\n                    \n    <span class=\"edgtf-icon-shortcode normal edgtf-icon-medium\"  data-hover-color=\"#000000\" data-color=\"#fc7e08\">\n                    <a href=\"#\" target=\"_blank\" >\n        \n        <i class=\"edgtf-icon-linear-icon lnr lnr-home edgtf-icon-element\" style=\"color: #fc7e08\" ><\/i>\n                    <\/a>\n            <\/span>\n\n            <\/div>\n    <div class=\"edgtf-iwt-content-holder\" >\n        <div class=\"edgtf-iwt-title-holder\">\n            <h5 >Location<\/h5>\n        <\/div>\n        <div class=\"edgtf-iwt-text-holder\">\n            <p >Louzanpark, Cacilhas, 3200 Louzan, Portugal<\/p>\n\n                    <\/div>\n    <\/div>\n<\/div><div class=\"vc_empty_space\"   style=\"height: 30px\"><span class=\"vc_empty_space_inner\"><\/span><\/div><\/div><\/div><\/div><div class=\"wpb_column vc_column_container vc_col-sm-4 vc_col-lg-4 vc_col-md-6 vc_col-xs-12\"><div class=\"vc_column-inner vc_custom_1568022628992\"><div class=\"wpb_wrapper\"><div class=\"edgtf-iwt clearfix edgtf-iwt-icon-top edgtf-iwt-flip-enabled-no edgtf-iwt-icon-medium\">\n    <div class=\"edgtf-iwt-icon-holder\" >\n                    \n    <span class=\"edgtf-icon-shortcode normal edgtf-icon-medium\"  data-hover-color=\"#000000\" data-color=\"#fc7e08\">\n                    <a href=\"#\" target=\"_blank\" >\n        \n        <i class=\"edgtf-icon-linear-icon lnr lnr-phone-handset edgtf-icon-element\" style=\"color: #fc7e08\" ><\/i>\n                    <\/a>\n            <\/span>\n\n            <\/div>\n    <div class=\"edgtf-iwt-content-holder\" >\n        <div class=\"edgtf-iwt-title-holder\">\n            <h5 >Telephone<\/h5>\n        <\/div>\n        <div class=\"edgtf-iwt-text-holder\">\n            <p >+351 913 021 097<\/p>\n\n                    <\/div>\n    <\/div>\n<\/div><div class=\"vc_empty_space\"   style=\"height: 30px\"><span class=\"vc_empty_space_inner\"><\/span><\/div><\/div><\/div><\/div><div class=\"wpb_column vc_column_container vc_col-sm-4 vc_col-lg-4 vc_col-md-6 vc_col-xs-12\"><div class=\"vc_column-inner vc_custom_1568022634721\"><div class=\"wpb_wrapper\"><div class=\"edgtf-iwt clearfix edgtf-iwt-icon-top edgtf-iwt-flip-enabled-no edgtf-iwt-icon-medium\">\n    <div class=\"edgtf-iwt-icon-holder\" >\n                    \n    <span class=\"edgtf-icon-shortcode normal edgtf-icon-medium\"  data-hover-color=\"#000000\" data-color=\"#fc7e08\">\n                    <a href=\"#\" target=\"_blank\" >\n        \n        <i class=\"edgtf-icon-linear-icon lnr lnr-laptop edgtf-icon-element\" style=\"color: #fc7e08\" ><\/i>\n                    <\/a>\n            <\/span>\n\n            <\/div>\n    <div class=\"edgtf-iwt-content-holder\" >\n        <div class=\"edgtf-iwt-title-holder\">\n            <h5 >EMAIL<\/h5>\n        <\/div>\n        <div class=\"edgtf-iwt-text-holder\">\n            <p >info@louzanskyrace.com<\/p>\n\n                    <\/div>\n    <\/div>\n<\/div><div class=\"vc_empty_space\"   style=\"height: 30px\"><span class=\"vc_empty_space_inner\"><\/span><\/div><\/div><\/div><\/div><\/div><\/div><\/div><div class=\"vc_row wpb_row vc_row-fluid edgtf-section edgtf-content-aligment-center\" style=\"\"><div class=\"clearfix edgtf-full-section-inner\"><div class=\"wpb_column vc_column_container vc_col-sm-12\"><div class=\"vc_column-inner\"><div class=\"wpb_wrapper\"><div class=\"edgtf-google-map-holder\">\n\t<div class=\"edgtf-google-map\" id=\"edgtf-map-1190681\" data-addresses='[\"Louzanpark, Lous\u00e3, Portugal\"]' data-custom-map-style=\"true\" data-color-overlay=\"#ffd401\" data-saturation=\"90\" data-lightness=\"-15\" data-zoom=\"14\" data-pin=\"https:\/\/louzanskyrace.com\/wp-includes\/images\/media\/default.png\" data-unique-id=\"1190681\" data-scroll-wheel=\"false\" data-height=\"420\"><\/div>\n\t\t\t<div class=\"edgtf-google-map-overlay\"><\/div>\n\t<\/div>\n<\/div><\/div><\/div><\/div><\/div>\n<!--themify_builder_content-->\n<div id=\"themify_builder_content-5515\" data-postid=\"5515\" class=\"themify_builder_content themify_builder_content-5515 themify_builder tf_clear\">\n    <\/div>\n<!--\/themify_builder_content-->","protected":false},"excerpt":{"rendered":"Come\u00e7a a Tua Aventura Escreve-nos Louzanpark, Cacilhas, 3200 Louzan, Portugal +351 912 209 732 info@louzanskyrace.com O seu nome (obrigat\u00f3rio) O seu email (obrigat\u00f3rio) Assunto A sua mensagem Localiza\u00e7\u00e3o Louzanpark, Cacilhas, 3200 Louzan, Portugal Telefone +351 913 021 097 EMAIL info@louzanskyrace.com","protected":false},"author":1,"featured_media":0,"parent":0,"menu_order":0,"comment_status":"closed","ping_status":"closed","template":"full-width.php","meta":{"footnotes":""},"builder_content":"","_links":{"self":[{"href":"https:\/\/louzanskyrace.com\/en\/wp-json\/wp\/v2\/pages\/5515"}],"collection":[{"href":"https:\/\/louzanskyrace.com\/en\/wp-json\/wp\/v2\/pages"}],"about":[{"href":"https:\/\/louzanskyrace.com\/en\/wp-json\/wp\/v2\/types\/page"}],"author":[{"embeddable":true,"href":"https:\/\/louzanskyrace.com\/en\/wp-json\/wp\/v2\/users\/1"}],"replies":[{"embeddable":true,"href":"https:\/\/louzanskyrace.com\/en\/wp-json\/wp\/v2\/comments?post=5515"}],"version-history":[{"count":3,"href":"https:\/\/louzanskyrace.com\/en\/wp-json\/wp\/v2\/pages\/5515\/revisions"}],"predecessor-version":[{"id":10700,"href":"https:\/\/louzanskyrace.com\/en\/wp-json\/wp\/v2\/pages\/5515\/revisions\/10700"}],"wp:attachment":[{"href":"https:\/\/louzanskyrace.com\/en\/wp-json\/wp\/v2\/media?parent=5515"}],"curies":[{"name":"wp","href":"https:\/\/api.w.org\/{rel}","templated":true}]}}