{"id":5429,"date":"2016-10-31T15:17:38","date_gmt":"2016-10-31T15:17:38","guid":{"rendered":"http:\/\/freestyle.edge-themes.com\/?page_id=5429"},"modified":"2023-10-10T09:29:59","modified_gmt":"2023-10-10T09:29:59","slug":"louzanskyrace","status":"publish","type":"page","link":"https:\/\/louzanskyrace.com\/en\/","title":{"rendered":"Louzanskyrace Home"},"content":{"rendered":"<div class=\"vc_row wpb_row vc_row-fluid edgtf-section vc_custom_1632827282441 edgtf-content-aligment-left edgtf-grid-section\" style=\"\"><div class=\"clearfix edgtf-section-inner\"><div class=\"edgtf-section-inner-margin clearfix\"><div class=\"wpb_column vc_column_container vc_col-sm-6\"><div class=\"vc_column-inner\"><div class=\"wpb_wrapper\"><\/div><\/div><\/div><div class=\"wpb_column vc_column_container vc_col-sm-6\"><div class=\"vc_column-inner\"><div class=\"wpb_wrapper\">\n\t<div  class=\"wpb_single_image wpb_content_element vc_align_center  vc_custom_1649527673558\">\n\t\t\n\t\t<figure class=\"wpb_wrapper vc_figure\">\n\t\t\t<a href=\"https:\/\/www.skyrunnerworldseries.com\/\" target=\"_blank\" class=\"vc_single_image-wrapper   vc_box_border_grey\"><img width=\"150\" height=\"150\" src=\"https:\/\/louzanskyrace.com\/wp-content\/uploads\/sites\/11\/2022\/04\/sws22-350x350-1-150x150.png\" class=\"vc_single_image-img attachment-thumbnail\" alt=\"SWS\" decoding=\"async\" title=\"Skyrunner World Series\" loading=\"lazy\" srcset=\"https:\/\/louzanskyrace.com\/wp-content\/uploads\/sites\/11\/2022\/04\/sws22-350x350-1-150x150.png 150w, https:\/\/louzanskyrace.com\/wp-content\/uploads\/sites\/11\/2022\/04\/sws22-350x350-1-300x300.png 300w, https:\/\/louzanskyrace.com\/wp-content\/uploads\/sites\/11\/2022\/04\/sws22-350x350-1-12x12.png 12w, https:\/\/louzanskyrace.com\/wp-content\/uploads\/sites\/11\/2022\/04\/sws22-350x350-1.png 350w\" sizes=\"(max-width: 150px) 100vw, 150px\" \/><\/a>\n\t\t<\/figure>\n\t<\/div>\n<\/div><\/div><\/div><\/div><\/div><\/div><div class=\"vc_row wpb_row vc_row-fluid edgtf-section edgtf-content-aligment-left\" style=\"\"><div class=\"clearfix edgtf-full-section-inner\"><div class=\"wpb_column vc_column_container vc_col-sm-12\"><div class=\"vc_column-inner\"><div class=\"wpb_wrapper\"><div class=\"edgtf-elements-holder edgtf-two-columns edgtf-two-columns-50-50 edgtf-responsive-mode-768\" ><div class=\"edgtf-elements-holder-item\" data-item-class=\"edgtf-elements-holder-custom-143859\" data-1280-1440=\"24.7% 11% 19.3% 16%\" data-1024-1280=\"22.8% 8% 17.2% 11.7%\" data-768-1024=\"24% 11% 15% 12%\" data-600-768=\"15% 15% 10% 16.8%\" data-480-600=\"15% 12% 10% 15%\" data-480=\"18% 9.5% 10% 12.5%\" style=\"background-color: #f2f1f1;background-image: url(https:\/\/louzanskyrace.com\/wp-content\/uploads\/sites\/11\/2021\/09\/1K1A2035.jpg)\">\n\t\t<div class=\"edgtf-elements-holder-item-inner\">\n\t\t<div class=\"edgtf-elements-holder-item-content edgtf-elements-holder-custom-143859\" style=\"padding: 24.45% 20.3% 20.55% 21.7%\">\n\t\t\t\n<div class=\"edgtf-section-title edgtf-section-align-left\" >\n\tLouzanskyrace\t<\/div><div class=\"vc_empty_space\"   style=\"height: 4px\"><span class=\"vc_empty_space_inner\"><\/span><\/div>\n<span class=\"edgtf-section-subtitle\" style=\"text-align:left\">\n\t\t25k\t<\/span><div class=\"vc_empty_space\"   style=\"height: 10px\"><span class=\"vc_empty_space_inner\"><\/span><\/div><a href=\"https:\/\/louzanskyrace.com\/en\/provas\/louzanskyrace\/\" target=\"_self\" style=\"font-size: 24px\" class=\"edgtf-btn edgtf-btn-medium edgtf-btn-transparent edgtf-btn-icon\"  >\n\t    \t\t<span class=\"edgtf-btn-icon-holder\" >\n\t\t\t<span aria-hidden=\"true\" class=\"edgtf-icon-font-elegant arrow_right\" ><\/span>\t\t<\/span>\n\t<\/a>\t\t<\/div>\n\t<\/div>\n<\/div><div class=\"edgtf-elements-holder-item\" data-item-class=\"edgtf-elements-holder-custom-847875\" data-1280-1440=\"24.7% 11% 19.3% 16%\" data-1024-1280=\"22.8% 8% 17.2% 11.7%\" data-768-1024=\"24% 11% 15% 12%\" data-600-768=\"15% 15% 10% 16.8%\" data-480-600=\"15% 12% 10% 15%\" data-480=\"18% 9.5% 10% 12.5%\" style=\"background-color: #f8f8f8;background-image: url(https:\/\/louzanskyrace.com\/wp-content\/uploads\/sites\/11\/2021\/09\/12_32001814807_o.jpg)\">\n\t\t<div class=\"edgtf-elements-holder-item-inner\">\n\t\t<div class=\"edgtf-elements-holder-item-content edgtf-elements-holder-custom-847875\" style=\"padding: 24.45% 20.3% 20.55% 21.7%\">\n\t\t\t\n<div class=\"edgtf-section-title edgtf-section-align-left\" >\n\tLouzanskyrace Mini\t<\/div><div class=\"vc_empty_space\"   style=\"height: 4px\"><span class=\"vc_empty_space_inner\"><\/span><\/div>\n<span class=\"edgtf-section-subtitle\" style=\"text-align:left\">\n\t\t16k\t<\/span><div class=\"vc_empty_space\"   style=\"height: 10px\"><span class=\"vc_empty_space_inner\"><\/span><\/div><a href=\"https:\/\/louzanskyrace.com\/en\/provas\/louzanskyrace-mini\/\" target=\"_self\" style=\"font-size: 24px\" class=\"edgtf-btn edgtf-btn-medium edgtf-btn-transparent edgtf-btn-icon\"  >\n\t    \t\t<span class=\"edgtf-btn-icon-holder\" >\n\t\t\t<span aria-hidden=\"true\" class=\"edgtf-icon-font-elegant arrow_right\" ><\/span>\t\t<\/span>\n\t<\/a>\t\t<\/div>\n\t<\/div>\n<\/div><\/div><div class=\"edgtf-elements-holder edgtf-two-columns edgtf-two-columns-50-50 edgtf-responsive-mode-768\" ><div class=\"edgtf-elements-holder-item\" data-item-class=\"edgtf-elements-holder-custom-980283\" data-1280-1440=\"24.7% 11% 19.3% 16%\" data-1024-1280=\"22.8% 8% 17.2% 11.7%\" data-768-1024=\"24% 11% 15% 12%\" data-600-768=\"15% 15% 10% 16.8%\" data-480-600=\"15% 12% 10% 15%\" data-480=\"18% 9.5% 10% 12.5%\" style=\"background-color: #f2f1f1;background-image: url(https:\/\/louzanskyrace.com\/wp-content\/uploads\/sites\/11\/2021\/09\/IMG_1082.jpg)\">\n\t\t<div class=\"edgtf-elements-holder-item-inner\">\n\t\t<div class=\"edgtf-elements-holder-item-content edgtf-elements-holder-custom-980283\" style=\"padding: 24.45% 20.3% 20.55% 21.7%\">\n\t\t\t\n<div class=\"edgtf-section-title edgtf-section-align-left\" >\n\tLouzan1000\t<\/div><div class=\"vc_empty_space\"   style=\"height: 4px\"><span class=\"vc_empty_space_inner\"><\/span><\/div>\n<span class=\"edgtf-section-subtitle\" style=\"text-align:left\">\n\t\t1000D+\t<\/span><div class=\"vc_empty_space\"   style=\"height: 10px\"><span class=\"vc_empty_space_inner\"><\/span><\/div><a href=\"https:\/\/louzanskyrace.com\/en\/provas\/louzan1000\/\" target=\"_self\" style=\"font-size: 24px\" class=\"edgtf-btn edgtf-btn-medium edgtf-btn-transparent edgtf-btn-icon\"  >\n\t    \t\t<span class=\"edgtf-btn-icon-holder\" >\n\t\t\t<span aria-hidden=\"true\" class=\"edgtf-icon-font-elegant arrow_right\" ><\/span>\t\t<\/span>\n\t<\/a>\t\t<\/div>\n\t<\/div>\n<\/div><div class=\"edgtf-elements-holder-item\" data-item-class=\"edgtf-elements-holder-custom-388707\" data-1280-1440=\"24.7% 11% 19.3% 16%\" data-1024-1280=\"22.8% 8% 17.2% 11.7%\" data-768-1024=\"24% 11% 15% 12%\" data-600-768=\"15% 15% 10% 16.8%\" data-480-600=\"15% 12% 10% 15%\" data-480=\"18% 9.5% 10% 12.5%\" style=\"background-color: #f2f1f1;background-image: url(https:\/\/louzanskyrace.com\/wp-content\/uploads\/sites\/11\/2021\/09\/1K1A1967.jpg)\">\n\t\t<div class=\"edgtf-elements-holder-item-inner\">\n\t\t<div class=\"edgtf-elements-holder-item-content edgtf-elements-holder-custom-388707\" style=\"padding: 24.45% 20.3% 20.55% 21.7%\">\n\t\t\t\n<div class=\"edgtf-section-title edgtf-section-align-left\" >\n\tHiking\t<\/div><div class=\"vc_empty_space\"   style=\"height: 4px\"><span class=\"vc_empty_space_inner\"><\/span><\/div>\n<span class=\"edgtf-section-subtitle\" style=\"text-align:left\">\n\t\t10K\t<\/span><div class=\"vc_empty_space\"   style=\"height: 10px\"><span class=\"vc_empty_space_inner\"><\/span><\/div><a href=\"https:\/\/louzanskyrace.com\/en\/provas\/caminhada\/\" target=\"_self\" style=\"font-size: 24px\" class=\"edgtf-btn edgtf-btn-medium edgtf-btn-transparent edgtf-btn-icon\"  >\n\t    \t\t<span class=\"edgtf-btn-icon-holder\" >\n\t\t\t<span aria-hidden=\"true\" class=\"edgtf-icon-font-elegant arrow_right\" ><\/span>\t\t<\/span>\n\t<\/a>\t\t<\/div>\n\t<\/div>\n<\/div><\/div><\/div><\/div><\/div><\/div><\/div><div class=\"vc_row wpb_row vc_row-fluid edgtf-section vc_custom_1465393558398 edgtf-content-aligment-left\" style=\"\"><div class=\"clearfix edgtf-full-section-inner\"><div class=\"wpb_column vc_column_container vc_col-sm-12\"><div class=\"vc_column-inner\"><div class=\"wpb_wrapper\"><div class=\"edgtf-elements-holder edgtf-two-columns edgtf-two-columns-40-60 edgtf-responsive-mode-768\" ><div class=\"edgtf-elements-holder-item edgtf-eh-with-border\" data-item-class=\"edgtf-elements-holder-custom-345389\" data-1280-1440=\"18.2% 10.9% 19% 11.1%\" data-1024-1280=\"14.3% 8% 14.7% 9.2%\" data-768-1024=\"13% 10% 14% 11.3%\" data-600-768=\"14% 14% 14% 14.3%\" data-480-600=\"12% 3% 15% 0%\" data-480=\"14% 4% 15% 4%\" style=\"background-image: url()\">\n\t\t<div class=\"edgtf-elements-holder-item-inner\">\n\t\t<div class=\"edgtf-elements-holder-item-content edgtf-elements-holder-custom-345389\" style=\"padding: 27.25% 21% 27.65% 22%\">\n\t\t\t\n<div class=\"edgtf-section-title edgtf-section-align-left\" style=\"font-size: 40px\">\n\tLouzanskyrace\t<\/div><div class=\"vc_empty_space\"   style=\"height: 4px\"><span class=\"vc_empty_space_inner\"><\/span><\/div>\n<span class=\"edgtf-section-subtitle\" style=\"text-align:left\">\n\t\tGreen gold under blue sky!\t<\/span><div class=\"vc_empty_space\"   style=\"height: 9px\"><span class=\"vc_empty_space_inner\"><\/span><\/div>\n\t<div class=\"wpb_text_column wpb_content_element\" >\n\t\t<div class=\"wpb_wrapper\">\n\t\t\t<p>The Louzanskyrace, organized by Montanha Clube will take place in Lous\u00e3 Mountain.<br \/>\nParticipants will walk through the most beautiful landscapes of the Serra da Lous\u00e3 and the Schist Villages<\/p>\n\n\t\t<\/div>\n\t<\/div>\n<div class=\"vc_empty_space\"   style=\"height: 4px\"><span class=\"vc_empty_space_inner\"><\/span><\/div>\n\t<div class=\"wpb_text_column wpb_content_element\" >\n\t\t<div class=\"wpb_wrapper\">\n\t\t\t<p><em>\"Climb the mountain not to pin your flag, but to embrace the challenge, enjoy the air and take in the scenery.<\/em><br \/>\n<em>Climb it so you can see the world, not so the world can see you.\"<\/em><br \/>\n<em>(David McCullogh Jr)<\/em><\/p>\n\n\t\t<\/div>\n\t<\/div>\n<div class=\"vc_empty_space\"   style=\"height: 32px\"><span class=\"vc_empty_space_inner\"><\/span><\/div><a href=\"https:\/\/louzanskyrace.com\/en\/provas\/\" target=\"_self\"  class=\"edgtf-btn edgtf-btn-large edgtf-btn-solid edgtf-btn-custom-hover-bg edgtf-btn-custom-border-hover edgtf-btn-custom-hover-color\" data-hover-bg-color=\"#303030\" data-hover-color=\"#ffffff\" data-hover-border-color=\"#303030\" >\n\t\t\t<span class=\"edgtf-btn-text\">More Info<\/span>\n\t    <\/a>\t\t<\/div>\n\t<\/div>\n<\/div><div class=\"edgtf-elements-holder-item edgtf-eh-clickable\" data-item-class=\"edgtf-elements-holder-custom-647725\" data-600-768=\"30%\" data-480-600=\"30%\" data-480=\"30%\" style=\"background-image: url(https:\/\/louzanskyrace.com\/wp-content\/uploads\/sites\/11\/2021\/09\/LSR21-015-Matias.png)\">\n\t\t\t<a class=\"edgtf-eh-item-link\" href=\"#\" target=\"_blank\"><\/a>\n\t\t<div class=\"edgtf-elements-holder-item-inner\">\n\t\t<div class=\"edgtf-elements-holder-item-content edgtf-elements-holder-custom-647725\" >\n\t\t\t\t\t<\/div>\n\t<\/div>\n<\/div><\/div><\/div><\/div><\/div><\/div><\/div><div class=\"vc_row wpb_row vc_row-fluid edgtf-section vc_custom_1642354281367 edgtf-content-aligment-left\" style=\"\"><div class=\"clearfix edgtf-full-section-inner\"><div class=\"wpb_column vc_column_container vc_col-sm-12\"><div class=\"vc_column-inner\"><div class=\"wpb_wrapper\"><div class=\"vc_empty_space\"   style=\"height: 32px\"><span class=\"vc_empty_space_inner\"><\/span><\/div>\n<div class=\"edgtf-section-title edgtf-section-align-left\" >\n\tOFFICIAL SPONSORS\t<\/div><div class=\"vc_empty_space\"   style=\"height: 32px\"><span class=\"vc_empty_space_inner\"><\/span><\/div><div class=\"vc_row wpb_row vc_inner vc_row-fluid edgtf-section edgtf-content-aligment-left\" style=\"\"><div class=\"edgtf-full-section-inner\"><div class=\"wpb_column vc_column_container vc_col-sm-2\"><div class=\"vc_column-inner\"><div class=\"wpb_wrapper\">\n\t<div  class=\"wpb_single_image wpb_content_element vc_align_left\">\n\t\t\n\t\t<figure class=\"wpb_wrapper vc_figure\">\n\t\t\t<a href=\"https:\/\/www.gazmondego.com\/\" target=\"_blank\" class=\"vc_single_image-wrapper   vc_box_border_grey\"><img width=\"150\" height=\"150\" src=\"https:\/\/louzanskyrace.com\/wp-content\/uploads\/sites\/11\/2022\/04\/GazmondegoRGB-150-150x150.png\" class=\"vc_single_image-img attachment-thumbnail\" alt=\"\" decoding=\"async\" title=\"GazmondegoRGB-150\" loading=\"lazy\" srcset=\"https:\/\/louzanskyrace.com\/wp-content\/uploads\/sites\/11\/2022\/04\/GazmondegoRGB-150.png 150w, https:\/\/louzanskyrace.com\/wp-content\/uploads\/sites\/11\/2022\/04\/GazmondegoRGB-150-12x12.png 12w\" sizes=\"(max-width: 150px) 100vw, 150px\" \/><\/a>\n\t\t<\/figure>\n\t<\/div>\n<\/div><\/div><\/div><div class=\"wpb_column vc_column_container vc_col-sm-2\"><div class=\"vc_column-inner\"><div class=\"wpb_wrapper\">\n\t<div  class=\"wpb_single_image wpb_content_element vc_align_left\">\n\t\t\n\t\t<figure class=\"wpb_wrapper vc_figure\">\n\t\t\t<a href=\"https:\/\/www.chamagas.com\/\" target=\"_blank\" class=\"vc_single_image-wrapper   vc_box_border_grey\"><img width=\"150\" height=\"150\" src=\"https:\/\/louzanskyrace.com\/wp-content\/uploads\/sites\/11\/2022\/04\/chamagas-150-150x150.png\" class=\"vc_single_image-img attachment-thumbnail\" alt=\"\" decoding=\"async\" title=\"chamagas-150\" loading=\"lazy\" srcset=\"https:\/\/louzanskyrace.com\/wp-content\/uploads\/sites\/11\/2022\/04\/chamagas-150.png 150w, https:\/\/louzanskyrace.com\/wp-content\/uploads\/sites\/11\/2022\/04\/chamagas-150-12x12.png 12w\" sizes=\"(max-width: 150px) 100vw, 150px\" \/><\/a>\n\t\t<\/figure>\n\t<\/div>\n<\/div><\/div><\/div><div class=\"wpb_column vc_column_container vc_col-sm-2\"><div class=\"vc_column-inner\"><div class=\"wpb_wrapper\">\n\t<div  class=\"wpb_single_image wpb_content_element vc_align_left\">\n\t\t\n\t\t<figure class=\"wpb_wrapper vc_figure\">\n\t\t\t<a href=\"https:\/\/fradigas.com\/\" target=\"_blank\" class=\"vc_single_image-wrapper   vc_box_border_grey\"><img width=\"150\" height=\"150\" src=\"https:\/\/louzanskyrace.com\/wp-content\/uploads\/sites\/11\/2022\/04\/FradigasRGB-150-150x150.png\" class=\"vc_single_image-img attachment-thumbnail\" alt=\"\" decoding=\"async\" title=\"FradigasRGB-150\" loading=\"lazy\" srcset=\"https:\/\/louzanskyrace.com\/wp-content\/uploads\/sites\/11\/2022\/04\/FradigasRGB-150.png 150w, https:\/\/louzanskyrace.com\/wp-content\/uploads\/sites\/11\/2022\/04\/FradigasRGB-150-12x12.png 12w\" sizes=\"(max-width: 150px) 100vw, 150px\" \/><\/a>\n\t\t<\/figure>\n\t<\/div>\n<\/div><\/div><\/div><div class=\"wpb_column vc_column_container vc_col-sm-2\"><div class=\"vc_column-inner\"><div class=\"wpb_wrapper\">\n\t<div  class=\"wpb_single_image wpb_content_element vc_align_left\">\n\t\t\n\t\t<figure class=\"wpb_wrapper vc_figure\">\n\t\t\t<a href=\"http:\/\/www.saosilvestre.pt\/\" target=\"_blank\" class=\"vc_single_image-wrapper   vc_box_border_grey\"><img width=\"150\" height=\"150\" src=\"https:\/\/louzanskyrace.com\/wp-content\/uploads\/sites\/11\/2022\/04\/PSS-Logo-2011-150-150x150.png\" class=\"vc_single_image-img attachment-thumbnail\" alt=\"\" decoding=\"async\" title=\"PSS Logo 2011-150\" loading=\"lazy\" srcset=\"https:\/\/louzanskyrace.com\/wp-content\/uploads\/sites\/11\/2022\/04\/PSS-Logo-2011-150.png 150w, https:\/\/louzanskyrace.com\/wp-content\/uploads\/sites\/11\/2022\/04\/PSS-Logo-2011-150-12x12.png 12w\" sizes=\"(max-width: 150px) 100vw, 150px\" \/><\/a>\n\t\t<\/figure>\n\t<\/div>\n<\/div><\/div><\/div><div class=\"wpb_column vc_column_container vc_col-sm-2\"><div class=\"vc_column-inner\"><div class=\"wpb_wrapper\">\n\t<div  class=\"wpb_single_image wpb_content_element vc_align_left\">\n\t\t\n\t\t<figure class=\"wpb_wrapper vc_figure\">\n\t\t\t<a href=\"https:\/\/movingwork.net\/\" target=\"_blank\" class=\"vc_single_image-wrapper   vc_box_border_grey\"><img width=\"150\" height=\"150\" src=\"https:\/\/louzanskyrace.com\/wp-content\/uploads\/sites\/11\/2022\/04\/Logo-Moving-Work-Geral-150-150x150.png\" class=\"vc_single_image-img attachment-thumbnail\" alt=\"Moving Work\" decoding=\"async\" title=\"Moving Work\" loading=\"lazy\" srcset=\"https:\/\/louzanskyrace.com\/wp-content\/uploads\/sites\/11\/2022\/04\/Logo-Moving-Work-Geral-150.png 150w, https:\/\/louzanskyrace.com\/wp-content\/uploads\/sites\/11\/2022\/04\/Logo-Moving-Work-Geral-150-12x12.png 12w\" sizes=\"(max-width: 150px) 100vw, 150px\" \/><\/a>\n\t\t<\/figure>\n\t<\/div>\n<\/div><\/div><\/div><div class=\"wpb_column vc_column_container vc_col-sm-2\"><div class=\"vc_column-inner\"><div class=\"wpb_wrapper\">\n\t<div  class=\"wpb_single_image wpb_content_element vc_align_left\">\n\t\t\n\t\t<figure class=\"wpb_wrapper vc_figure\">\n\t\t\t<a href=\"http:\/\/efapel.pt\" target=\"_blank\" class=\"vc_single_image-wrapper   vc_box_border_grey\"><img width=\"150\" height=\"150\" src=\"https:\/\/louzanskyrace.com\/wp-content\/uploads\/sites\/11\/2022\/08\/efapel-150-150x150.png\" class=\"vc_single_image-img attachment-thumbnail\" alt=\"\" decoding=\"async\" title=\"efapel-150\" loading=\"lazy\" srcset=\"https:\/\/louzanskyrace.com\/wp-content\/uploads\/sites\/11\/2022\/08\/efapel-150.png 150w, https:\/\/louzanskyrace.com\/wp-content\/uploads\/sites\/11\/2022\/08\/efapel-150-12x12.png 12w\" sizes=\"(max-width: 150px) 100vw, 150px\" \/><\/a>\n\t\t<\/figure>\n\t<\/div>\n<\/div><\/div><\/div><\/div><\/div><\/div><\/div><\/div><\/div><\/div><div class=\"vc_row wpb_row vc_row-fluid edgtf-section vc_custom_1642354091207 edgtf-content-aligment-left\" style=\"\"><div class=\"clearfix edgtf-full-section-inner\"><div class=\"wpb_column vc_column_container vc_col-sm-12\"><div class=\"vc_column-inner\"><div class=\"wpb_wrapper\"><div class=\"vc_empty_space\"   style=\"height: 32px\"><span class=\"vc_empty_space_inner\"><\/span><\/div>\n<div class=\"edgtf-section-title edgtf-section-align-left\" >\n\tInstitutional Support\t<\/div><div class=\"vc_empty_space\"   style=\"height: 32px\"><span class=\"vc_empty_space_inner\"><\/span><\/div><div class=\"vc_row wpb_row vc_inner vc_row-fluid edgtf-section vc_custom_1649526655351 edgtf-content-aligment-left\" style=\"\"><div class=\"edgtf-full-section-inner\"><div class=\"wpb_column vc_column_container vc_col-sm-2\"><div class=\"vc_column-inner\"><div class=\"wpb_wrapper\">\n\t<div  class=\"wpb_single_image wpb_content_element vc_align_left\">\n\t\t\n\t\t<figure class=\"wpb_wrapper vc_figure\">\n\t\t\t<a href=\"https:\/\/cm-lousa.pt\/\" target=\"_blank\" class=\"vc_single_image-wrapper   vc_box_border_grey\"><img width=\"100\" height=\"99\" src=\"https:\/\/louzanskyrace.com\/wp-content\/uploads\/sites\/11\/2022\/01\/LSA_Verde-100.png\" class=\"vc_single_image-img attachment-thumbnail\" alt=\"\" decoding=\"async\" title=\"LSA_Verde-100\" loading=\"lazy\" srcset=\"https:\/\/louzanskyrace.com\/wp-content\/uploads\/sites\/11\/2022\/01\/LSA_Verde-100.png 100w, https:\/\/louzanskyrace.com\/wp-content\/uploads\/sites\/11\/2022\/01\/LSA_Verde-100-12x12.png 12w\" sizes=\"(max-width: 100px) 100vw, 100px\" \/><\/a>\n\t\t<\/figure>\n\t<\/div>\n<\/div><\/div><\/div><div class=\"wpb_column vc_column_container vc_col-sm-2\"><div class=\"vc_column-inner\"><div class=\"wpb_wrapper\">\n\t<div  class=\"wpb_single_image wpb_content_element vc_align_left\">\n\t\t\n\t\t<figure class=\"wpb_wrapper vc_figure\">\n\t\t\t<a href=\"https:\/\/www.jf-lousanevilarinho.pt\/\" target=\"_blank\" class=\"vc_single_image-wrapper   vc_box_border_grey\"><img width=\"100\" height=\"100\" src=\"https:\/\/louzanskyrace.com\/wp-content\/uploads\/sites\/11\/2022\/01\/freglousa.png\" class=\"vc_single_image-img attachment-thumbnail\" alt=\"\" decoding=\"async\" title=\"freglousa\" loading=\"lazy\" srcset=\"https:\/\/louzanskyrace.com\/wp-content\/uploads\/sites\/11\/2022\/01\/freglousa.png 100w, https:\/\/louzanskyrace.com\/wp-content\/uploads\/sites\/11\/2022\/01\/freglousa-12x12.png 12w\" sizes=\"(max-width: 100px) 100vw, 100px\" \/><\/a>\n\t\t<\/figure>\n\t<\/div>\n<\/div><\/div><\/div><div class=\"wpb_column vc_column_container vc_col-sm-2\"><div class=\"vc_column-inner\"><div class=\"wpb_wrapper\">\n\t<div  class=\"wpb_single_image wpb_content_element vc_align_left\">\n\t\t\n\t\t<figure class=\"wpb_wrapper vc_figure\">\n\t\t\t<a href=\"https:\/\/aldeiasdoxisto.pt\/\" target=\"_blank\" class=\"vc_single_image-wrapper   vc_box_border_grey\"><img width=\"100\" height=\"100\" src=\"https:\/\/louzanskyrace.com\/wp-content\/uploads\/sites\/11\/2022\/01\/aldeiasdoxisto.png\" class=\"vc_single_image-img attachment-thumbnail\" alt=\"\" decoding=\"async\" title=\"aldeiasdoxisto\" loading=\"lazy\" srcset=\"https:\/\/louzanskyrace.com\/wp-content\/uploads\/sites\/11\/2022\/01\/aldeiasdoxisto.png 100w, https:\/\/louzanskyrace.com\/wp-content\/uploads\/sites\/11\/2022\/01\/aldeiasdoxisto-12x12.png 12w\" sizes=\"(max-width: 100px) 100vw, 100px\" \/><\/a>\n\t\t<\/figure>\n\t<\/div>\n<\/div><\/div><\/div><div class=\"wpb_column vc_column_container vc_col-sm-2\"><div class=\"vc_column-inner\"><div class=\"wpb_wrapper\">\n\t<div  class=\"wpb_single_image wpb_content_element vc_align_left\">\n\t\t\n\t\t<figure class=\"wpb_wrapper vc_figure\">\n\t\t\t<a href=\"https:\/\/www.gnr.pt\/\" target=\"_blank\" class=\"vc_single_image-wrapper   vc_box_border_grey\"><img width=\"100\" height=\"100\" src=\"https:\/\/louzanskyrace.com\/wp-content\/uploads\/sites\/11\/2022\/01\/gnr.png\" class=\"vc_single_image-img attachment-thumbnail\" alt=\"\" decoding=\"async\" title=\"gnr\" loading=\"lazy\" srcset=\"https:\/\/louzanskyrace.com\/wp-content\/uploads\/sites\/11\/2022\/01\/gnr.png 100w, https:\/\/louzanskyrace.com\/wp-content\/uploads\/sites\/11\/2022\/01\/gnr-12x12.png 12w\" sizes=\"(max-width: 100px) 100vw, 100px\" \/><\/a>\n\t\t<\/figure>\n\t<\/div>\n<\/div><\/div><\/div><div class=\"wpb_column vc_column_container vc_col-sm-2\"><div class=\"vc_column-inner\"><div class=\"wpb_wrapper\">\n\t<div  class=\"wpb_single_image wpb_content_element vc_align_left\">\n\t\t\n\t\t<figure class=\"wpb_wrapper vc_figure\">\n\t\t\t<div class=\"vc_single_image-wrapper   vc_box_border_grey\"><img width=\"100\" height=\"100\" src=\"https:\/\/louzanskyrace.com\/wp-content\/uploads\/sites\/11\/2022\/01\/bombeiroslousa.png\" class=\"vc_single_image-img attachment-thumbnail\" alt=\"\" decoding=\"async\" title=\"bombeiroslousa\" loading=\"lazy\" srcset=\"https:\/\/louzanskyrace.com\/wp-content\/uploads\/sites\/11\/2022\/01\/bombeiroslousa.png 100w, https:\/\/louzanskyrace.com\/wp-content\/uploads\/sites\/11\/2022\/01\/bombeiroslousa-12x12.png 12w\" sizes=\"(max-width: 100px) 100vw, 100px\" \/><\/div>\n\t\t<\/figure>\n\t<\/div>\n<\/div><\/div><\/div><div class=\"wpb_column vc_column_container vc_col-sm-2\"><div class=\"vc_column-inner\"><div class=\"wpb_wrapper\">\n\t<div  class=\"wpb_single_image wpb_content_element vc_align_left\">\n\t\t\n\t\t<figure class=\"wpb_wrapper vc_figure\">\n\t\t\t<div class=\"vc_single_image-wrapper   vc_box_border_grey\"><img width=\"150\" height=\"150\" src=\"https:\/\/louzanskyrace.com\/wp-content\/uploads\/sites\/11\/2022\/01\/louzanpark-150x150.png\" class=\"vc_single_image-img attachment-thumbnail\" alt=\"\" decoding=\"async\" title=\"louzanpark\" loading=\"lazy\" srcset=\"https:\/\/louzanskyrace.com\/wp-content\/uploads\/sites\/11\/2022\/01\/louzanpark.png 150w, https:\/\/louzanskyrace.com\/wp-content\/uploads\/sites\/11\/2022\/01\/louzanpark-12x12.png 12w\" sizes=\"(max-width: 150px) 100vw, 150px\" \/><\/div>\n\t\t<\/figure>\n\t<\/div>\n<\/div><\/div><\/div><\/div><\/div><div class=\"vc_row wpb_row vc_inner vc_row-fluid edgtf-section vc_custom_1649526664326 edgtf-content-aligment-left\" style=\"\"><div class=\"edgtf-full-section-inner\"><div class=\"wpb_column vc_column_container vc_col-sm-2\"><div class=\"vc_column-inner\"><div class=\"wpb_wrapper\">\n\t<div  class=\"wpb_single_image wpb_content_element vc_align_left\">\n\t\t\n\t\t<figure class=\"wpb_wrapper vc_figure\">\n\t\t\t<a href=\"http:\/\/www.montanha-clube.pt\/site\/index.php\" target=\"_blank\" class=\"vc_single_image-wrapper   vc_box_border_grey\"><img width=\"96\" height=\"96\" src=\"https:\/\/louzanskyrace.com\/wp-content\/uploads\/sites\/11\/2022\/01\/MCTR_96x96.png\" class=\"vc_single_image-img attachment-thumbnail\" alt=\"\" decoding=\"async\" title=\"MCTR_96x96\" loading=\"lazy\" srcset=\"https:\/\/louzanskyrace.com\/wp-content\/uploads\/sites\/11\/2022\/01\/MCTR_96x96.png 96w, https:\/\/louzanskyrace.com\/wp-content\/uploads\/sites\/11\/2022\/01\/MCTR_96x96-12x12.png 12w\" sizes=\"(max-width: 96px) 100vw, 96px\" \/><\/a>\n\t\t<\/figure>\n\t<\/div>\n<\/div><\/div><\/div><div class=\"wpb_column vc_column_container vc_col-sm-2\"><div class=\"vc_column-inner\"><div class=\"wpb_wrapper\"><\/div><\/div><\/div><div class=\"wpb_column vc_column_container vc_col-sm-2\"><div class=\"vc_column-inner\"><div class=\"wpb_wrapper\"><\/div><\/div><\/div><div class=\"wpb_column vc_column_container vc_col-sm-2\"><div class=\"vc_column-inner\"><div class=\"wpb_wrapper\"><\/div><\/div><\/div><div class=\"wpb_column vc_column_container vc_col-sm-2\"><div class=\"vc_column-inner\"><div class=\"wpb_wrapper\"><\/div><\/div><\/div><div class=\"wpb_column vc_column_container vc_col-sm-2\"><div class=\"vc_column-inner\"><div class=\"wpb_wrapper\"><\/div><\/div><\/div><\/div><\/div><\/div><\/div><\/div><\/div><\/div>\n<!--themify_builder_content-->\n<div id=\"themify_builder_content-5429\" data-postid=\"5429\" class=\"themify_builder_content themify_builder_content-5429 themify_builder tf_clear\">\n    <\/div>\n<!--\/themify_builder_content-->","protected":false},"excerpt":{"rendered":"Louzanskyrace 25k Louzanskyrace Mini 16k Louzan1000 1000D+ Caminhada 10K Louzanskyrace Ouro verde sob c\u00e9u azul! O Louzanskyrace, organizado pelo Montanha Clube decorrer\u00e1 na Serra Lous\u00e3. Os participantes ir\u00e3o percorrer por trilhos as mais belas paisagens da Serra da Lous\u00e3 e as Aldeias do Xisto \u201cSuba...","protected":false},"author":1,"featured_media":0,"parent":0,"menu_order":0,"comment_status":"closed","ping_status":"closed","template":"full-width.php","meta":{"footnotes":""},"builder_content":"","_links":{"self":[{"href":"https:\/\/louzanskyrace.com\/en\/wp-json\/wp\/v2\/pages\/5429"}],"collection":[{"href":"https:\/\/louzanskyrace.com\/en\/wp-json\/wp\/v2\/pages"}],"about":[{"href":"https:\/\/louzanskyrace.com\/en\/wp-json\/wp\/v2\/types\/page"}],"author":[{"embeddable":true,"href":"https:\/\/louzanskyrace.com\/en\/wp-json\/wp\/v2\/users\/1"}],"replies":[{"embeddable":true,"href":"https:\/\/louzanskyrace.com\/en\/wp-json\/wp\/v2\/comments?post=5429"}],"version-history":[{"count":29,"href":"https:\/\/louzanskyrace.com\/en\/wp-json\/wp\/v2\/pages\/5429\/revisions"}],"predecessor-version":[{"id":11034,"href":"https:\/\/louzanskyrace.com\/en\/wp-json\/wp\/v2\/pages\/5429\/revisions\/11034"}],"wp:attachment":[{"href":"https:\/\/louzanskyrace.com\/en\/wp-json\/wp\/v2\/media?parent=5429"}],"curies":[{"name":"wp","href":"https:\/\/api.w.org\/{rel}","templated":true}]}}