{"id":5162,"date":"2016-10-31T09:38:43","date_gmt":"2016-10-31T09:38:43","guid":{"rendered":"http:\/\/freestyle.edge-themes.com\/?page_id=5162"},"modified":"2022-04-09T18:19:07","modified_gmt":"2022-04-09T18:19:07","slug":"louzanskyrace-2","status":"publish","type":"page","link":"https:\/\/louzanskyrace.com\/en\/louzanskyrace-2\/","title":{"rendered":"Louzanskyrace"},"content":{"rendered":"<div class=\"vc_row wpb_row vc_row-fluid edgtf-section vc_custom_1465393558398 edgtf-content-aligment-left\" style=\"\"><div class=\"clearfix edgtf-full-section-inner\"><div class=\"wpb_column vc_column_container vc_col-sm-12\"><div class=\"vc_column-inner\"><div class=\"wpb_wrapper\"><div class=\"edgtf-elements-holder edgtf-two-columns edgtf-two-columns-40-60 edgtf-responsive-mode-768\" ><div class=\"edgtf-elements-holder-item edgtf-eh-with-border\" data-item-class=\"edgtf-elements-holder-custom-751536\" data-1280-1440=\"18.2% 10.9% 19% 11.1%\" data-1024-1280=\"14.3% 8% 14.7% 9.2%\" data-768-1024=\"13% 10% 14% 11.3%\" data-600-768=\"14% 14% 14% 14.3%\" data-480-600=\"12% 3% 15% 0%\" data-480=\"14% 4% 15% 4%\" style=\"background-image: url()\">\n\t\t<div class=\"edgtf-elements-holder-item-inner\">\n\t\t<div class=\"edgtf-elements-holder-item-content edgtf-elements-holder-custom-751536\" style=\"padding: 27.25% 21% 27.65% 22%\">\n\t\t\t\n<div class=\"edgtf-section-title edgtf-section-align-left\" style=\"font-size: 40px\">\n\tVolunteers\t<\/div><div class=\"vc_empty_space\"   style=\"height: 4px\"><span class=\"vc_empty_space_inner\"><\/span><\/div>\n<span class=\"edgtf-section-subtitle\" style=\"text-align:left\">\n\t\tLouzanskyrace - Green gold under blue sky!\t<\/span><div class=\"vc_empty_space\"   style=\"height: 9px\"><span class=\"vc_empty_space_inner\"><\/span><\/div>\n\t<div class=\"wpb_text_column wpb_content_element\" >\n\t\t<div class=\"wpb_wrapper\">\n\t\t\t\n\t\t<\/div>\n\t<\/div>\n<div class=\"vc_empty_space\"   style=\"height: 32px\"><span class=\"vc_empty_space_inner\"><\/span><\/div><a href=\"https:\/\/louzanskyrace.com\/en\/louzanskyrace\/voluntarios\/\" target=\"_self\"  class=\"edgtf-btn edgtf-btn-large edgtf-btn-solid edgtf-btn-custom-hover-bg edgtf-btn-custom-border-hover edgtf-btn-custom-hover-color\" data-hover-bg-color=\"#303030\" data-hover-color=\"#ffffff\" data-hover-border-color=\"#303030\" >\n\t\t\t<span class=\"edgtf-btn-text\">More Info<\/span>\n\t    <\/a>\t\t<\/div>\n\t<\/div>\n<\/div><div class=\"edgtf-elements-holder-item edgtf-eh-clickable\" data-item-class=\"edgtf-elements-holder-custom-974652\" data-600-768=\"30%\" data-480-600=\"30%\" data-480=\"30%\" style=\"background-image: url(https:\/\/louzanskyrace.com\/wp-content\/uploads\/sites\/11\/2021\/09\/voluntary.jpg)\">\n\t\t\t<a class=\"edgtf-eh-item-link\" href=\"#\" target=\"_blank\"><\/a>\n\t\t<div class=\"edgtf-elements-holder-item-inner\">\n\t\t<div class=\"edgtf-elements-holder-item-content edgtf-elements-holder-custom-974652\" >\n\t\t\t\t\t<\/div>\n\t<\/div>\n<\/div><\/div><\/div><\/div><\/div><\/div><\/div><div class=\"vc_row wpb_row vc_row-fluid edgtf-section vc_custom_1465393558398 edgtf-content-aligment-left\" style=\"\"><div class=\"clearfix edgtf-full-section-inner\"><div class=\"wpb_column vc_column_container vc_col-sm-12\"><div class=\"vc_column-inner\"><div class=\"wpb_wrapper\"><div class=\"edgtf-elements-holder edgtf-two-columns edgtf-two-columns-60-40 edgtf-responsive-mode-768\" ><div class=\"edgtf-elements-holder-item edgtf-eh-clickable\" data-item-class=\"edgtf-elements-holder-custom-479229\" data-600-768=\"30%\" data-480-600=\"30%\" data-480=\"30%\" style=\"background-image: url(https:\/\/louzanskyrace.com\/wp-content\/uploads\/sites\/11\/2021\/09\/louzantrail_19.jpg)\">\n\t\t\t<a class=\"edgtf-eh-item-link\" href=\"#\" target=\"_blank\"><\/a>\n\t\t<div class=\"edgtf-elements-holder-item-inner\">\n\t\t<div class=\"edgtf-elements-holder-item-content edgtf-elements-holder-custom-479229\" >\n\t\t\t\t\t<\/div>\n\t<\/div>\n<\/div><div class=\"edgtf-elements-holder-item edgtf-eh-with-border\" data-item-class=\"edgtf-elements-holder-custom-207077\" data-1280-1440=\"18.2% 10.9% 19% 11.1%\" data-1024-1280=\"14.3% 8% 14.7% 9.2%\" data-768-1024=\"13% 10% 14% 11.3%\" data-600-768=\"14% 14% 14% 14.3%\" data-480-600=\"12% 3% 15% 0%\" data-480=\"14% 4% 15% 4%\" style=\"background-image: url()\">\n\t\t<div class=\"edgtf-elements-holder-item-inner\">\n\t\t<div class=\"edgtf-elements-holder-item-content edgtf-elements-holder-custom-207077\" style=\"padding: 27.25% 21% 27.65% 22%\">\n\t\t\t\n<div class=\"edgtf-section-title edgtf-section-align-left\" style=\"font-size: 40px\">\n\tSafety\t<\/div><div class=\"vc_empty_space\"   style=\"height: 4px\"><span class=\"vc_empty_space_inner\"><\/span><\/div>\n<span class=\"edgtf-section-subtitle\" style=\"text-align:left\">\n\t\tLouzanskyrace - Green gold under blue sky!\t<\/span><div class=\"vc_empty_space\"   style=\"height: 9px\"><span class=\"vc_empty_space_inner\"><\/span><\/div>\n\t<div class=\"wpb_text_column wpb_content_element\" >\n\t\t<div class=\"wpb_wrapper\">\n\t\t\t\n\t\t<\/div>\n\t<\/div>\n<div class=\"vc_empty_space\"   style=\"height: 32px\"><span class=\"vc_empty_space_inner\"><\/span><\/div><a href=\"https:\/\/louzanskyrace.com\/en\/louzanskyrace\/seguranca\/\" target=\"_self\"  class=\"edgtf-btn edgtf-btn-large edgtf-btn-solid edgtf-btn-custom-hover-bg edgtf-btn-custom-border-hover edgtf-btn-custom-hover-color\" data-hover-bg-color=\"#303030\" data-hover-color=\"#ffffff\" data-hover-border-color=\"#303030\" >\n\t\t\t<span class=\"edgtf-btn-text\">More Info<\/span>\n\t    <\/a>\t\t<\/div>\n\t<\/div>\n<\/div><\/div><\/div><\/div><\/div><\/div><\/div><div class=\"vc_row wpb_row vc_row-fluid edgtf-section vc_custom_1465393558398 edgtf-content-aligment-left\" style=\"\"><div class=\"clearfix edgtf-full-section-inner\"><div class=\"wpb_column vc_column_container vc_col-sm-12\"><div class=\"vc_column-inner\"><div class=\"wpb_wrapper\"><div class=\"edgtf-elements-holder edgtf-two-columns edgtf-two-columns-40-60 edgtf-responsive-mode-768\" ><div class=\"edgtf-elements-holder-item edgtf-eh-with-border\" data-item-class=\"edgtf-elements-holder-custom-388375\" data-1280-1440=\"18.2% 10.9% 19% 11.1%\" data-1024-1280=\"14.3% 8% 14.7% 9.2%\" data-768-1024=\"13% 10% 14% 11.3%\" data-600-768=\"14% 14% 14% 14.3%\" data-480-600=\"12% 3% 15% 0%\" data-480=\"14% 4% 15% 4%\" style=\"background-image: url()\">\n\t\t<div class=\"edgtf-elements-holder-item-inner\">\n\t\t<div class=\"edgtf-elements-holder-item-content edgtf-elements-holder-custom-388375\" style=\"padding: 27.25% 21% 27.65% 22%\">\n\t\t\t\n<div class=\"edgtf-section-title edgtf-section-align-left\" style=\"font-size: 40px\">\n\tEco-Responsibility\t<\/div><div class=\"vc_empty_space\"   style=\"height: 4px\"><span class=\"vc_empty_space_inner\"><\/span><\/div>\n<span class=\"edgtf-section-subtitle\" style=\"text-align:left\">\n\t\tLouzanskyrace - Green gold under blue sky!\t<\/span><div class=\"vc_empty_space\"   style=\"height: 9px\"><span class=\"vc_empty_space_inner\"><\/span><\/div>\n\t<div class=\"wpb_text_column wpb_content_element\" >\n\t\t<div class=\"wpb_wrapper\">\n\t\t\t\n\t\t<\/div>\n\t<\/div>\n<div class=\"vc_empty_space\"   style=\"height: 32px\"><span class=\"vc_empty_space_inner\"><\/span><\/div><a href=\"https:\/\/louzanskyrace.com\/en\/louzanskyrace\/eco-responsabilidade\/\" target=\"_self\"  class=\"edgtf-btn edgtf-btn-large edgtf-btn-solid edgtf-btn-custom-hover-bg edgtf-btn-custom-border-hover edgtf-btn-custom-hover-color\" data-hover-bg-color=\"#303030\" data-hover-color=\"#ffffff\" data-hover-border-color=\"#303030\" >\n\t\t\t<span class=\"edgtf-btn-text\">More Info<\/span>\n\t    <\/a>\t\t<\/div>\n\t<\/div>\n<\/div><div class=\"edgtf-elements-holder-item edgtf-eh-clickable\" data-item-class=\"edgtf-elements-holder-custom-865319\" data-600-768=\"30%\" data-480-600=\"30%\" data-480=\"30%\" style=\"background-image: url(https:\/\/louzanskyrace.com\/wp-content\/uploads\/sites\/11\/2021\/09\/louzantrail_20.jpg)\">\n\t\t\t<a class=\"edgtf-eh-item-link\" href=\"#\" target=\"_blank\"><\/a>\n\t\t<div class=\"edgtf-elements-holder-item-inner\">\n\t\t<div class=\"edgtf-elements-holder-item-content edgtf-elements-holder-custom-865319\" >\n\t\t\t\t\t<\/div>\n\t<\/div>\n<\/div><\/div><\/div><\/div><\/div><\/div><\/div>\n<!--themify_builder_content-->\n<div id=\"themify_builder_content-5162\" data-postid=\"5162\" class=\"themify_builder_content themify_builder_content-5162 themify_builder tf_clear\">\n    <\/div>\n<!--\/themify_builder_content-->","protected":false},"excerpt":{"rendered":"Volunt\u00e1rios Louzanskyrace - Ouro verde sob c\u00e9u azul! Mais Info Seguran\u00e7a Louzanskyrace - Ouro verde sob c\u00e9u azul! Mais Info Eco-Responsabilidade Louzanskyrace - Ouro verde sob c\u00e9u azul! Mais Info","protected":false},"author":1,"featured_media":0,"parent":0,"menu_order":0,"comment_status":"closed","ping_status":"closed","template":"full-width.php","meta":{"footnotes":""},"builder_content":"","_links":{"self":[{"href":"https:\/\/louzanskyrace.com\/en\/wp-json\/wp\/v2\/pages\/5162"}],"collection":[{"href":"https:\/\/louzanskyrace.com\/en\/wp-json\/wp\/v2\/pages"}],"about":[{"href":"https:\/\/louzanskyrace.com\/en\/wp-json\/wp\/v2\/types\/page"}],"author":[{"embeddable":true,"href":"https:\/\/louzanskyrace.com\/en\/wp-json\/wp\/v2\/users\/1"}],"replies":[{"embeddable":true,"href":"https:\/\/louzanskyrace.com\/en\/wp-json\/wp\/v2\/comments?post=5162"}],"version-history":[{"count":5,"href":"https:\/\/louzanskyrace.com\/en\/wp-json\/wp\/v2\/pages\/5162\/revisions"}],"predecessor-version":[{"id":10878,"href":"https:\/\/louzanskyrace.com\/en\/wp-json\/wp\/v2\/pages\/5162\/revisions\/10878"}],"wp:attachment":[{"href":"https:\/\/louzanskyrace.com\/en\/wp-json\/wp\/v2\/media?parent=5162"}],"curies":[{"name":"wp","href":"https:\/\/api.w.org\/{rel}","templated":true}]}}